{"id":101,"date":"2015-10-31T12:56:59","date_gmt":"2015-10-31T11:56:59","guid":{"rendered":"http:\/\/client.coach\/blog\/?page_id=101"},"modified":"2018-09-12T21:02:38","modified_gmt":"2018-09-12T20:02:38","slug":"aide-en-videos","status":"publish","type":"page","link":"https:\/\/client.coach\/blog\/aide-en-videos\/","title":{"rendered":"Aide en vid\u00e9os"},"content":{"rendered":"<p>Ces\u00a0<strong><a href=\"https:\/\/www.youtube.com\/playlist?list=PLk0h8px8IfKwitTR46iJx-vVx95Owc2vs\" target=\"_blank\" rel=\"noopener\">screencasts<\/a><\/strong> vous indiquent en d\u00e9tail\u00a0l&rsquo;ajout\u00a0d&rsquo;un client, d&rsquo;un suivi ou encore\u00a0la cr\u00e9ation d&rsquo;une facture. Ils vous\u00a0permettent d&rsquo;am\u00e9liorer vos connaissances du site\u00a0<a href=\"http:\/\/client.coach\/\">CLIENT.COACH<\/a>\u00a0en quelques minutes.<\/p>\n<h4 style=\"text-align: center;\"><strong>Enregistrement et param\u00e8trage<\/strong><br \/>\n<iframe loading=\"lazy\" src=\"https:\/\/www.youtube.com\/embed\/smc0l1pWbzU?list=PLk0h8px8IfKwitTR46iJx-vVx95Owc2vs\" width=\"640\" height=\"360\" frameborder=\"0\" allowfullscreen=\"allowfullscreen\"><\/iframe><\/h4>\n<p>&nbsp;<\/p>\n<h4 style=\"text-align: center;\"><strong>Suivi de clients Herbalife<\/strong><br \/>\n<iframe loading=\"lazy\" src=\"https:\/\/www.youtube.com\/embed\/L8h4akXd8C8?list=PLk0h8px8IfKwitTR46iJx-vVx95Owc2vs\" width=\"640\" height=\"360\" frameborder=\"0\" allowfullscreen=\"allowfullscreen\"><\/iframe><\/h4>\n<p>&nbsp;<\/p>\n<h4 style=\"text-align: center;\"><strong>Facturation<\/strong><br \/>\n<iframe loading=\"lazy\" src=\"https:\/\/www.youtube.com\/embed\/bosA81xGUaA\" width=\"640\" height=\"360\" frameborder=\"0\" allowfullscreen=\"allowfullscreen\"><\/iframe><\/h4>\n<p>&nbsp;<\/p>\n<h4 style=\"text-align: center;\"><strong>Listes de prix publiques et priv\u00e9es<\/strong><br \/>\n<iframe loading=\"lazy\" src=\"https:\/\/www.youtube.com\/embed\/F9_G9vyuaac\" width=\"640\" height=\"360\" frameborder=\"0\" allowfullscreen=\"allowfullscreen\"><span data-mce-type=\"bookmark\" style=\"display: inline-block; width: 0px; overflow: hidden; line-height: 0;\" class=\"mce_SELRES_start\">\ufeff<\/span><\/iframe><\/h4>\n<p>&nbsp;<\/p>\n<h4 style=\"text-align: center;\"><strong>Bilan nutritionnel<\/strong><br \/>\n<iframe loading=\"lazy\" src=\"https:\/\/www.youtube.com\/embed\/RXJkdaHrX4E\" width=\"640\" height=\"360\" frameborder=\"0\" allowfullscreen=\"allowfullscreen\"><span data-mce-type=\"bookmark\" style=\"display: inline-block; width: 0px; overflow: hidden; line-height: 0;\" class=\"mce_SELRES_start\">\ufeff<\/span><\/iframe><\/h4>\n<p>&nbsp;<\/p>\n<h4 style=\"text-align: center;\"><strong>Messages personnalis\u00e9s<\/strong><br \/>\n<iframe loading=\"lazy\" src=\"https:\/\/www.youtube.com\/embed\/fbA9bfwQoRs\" width=\"640\" height=\"360\" frameborder=\"0\" allowfullscreen=\"allowfullscreen\"><span data-mce-type=\"bookmark\" style=\"display: inline-block; width: 0px; overflow: hidden; line-height: 0;\" class=\"mce_SELRES_start\">\ufeff<\/span><\/iframe><\/h4>\n","protected":false},"excerpt":{"rendered":"<p>Ces\u00a0screencasts vous indiquent en d\u00e9tail\u00a0l&rsquo;ajout\u00a0d&rsquo;un client, d&rsquo;un suivi ou encore\u00a0la cr\u00e9ation d&rsquo;une facture. Ils vous\u00a0permettent d&rsquo;am\u00e9liorer vos connaissances du site\u00a0CLIENT.COACH\u00a0en quelques minutes. [&hellip;]<\/p>\n","protected":false},"author":1,"featured_media":0,"parent":0,"menu_order":0,"comment_status":"closed","ping_status":"closed","template":"","meta":{"jetpack_post_was_ever_published":false,"footnotes":""},"class_list":["post-101","page","type-page","status-publish","hentry"],"aioseo_notices":[],"jetpack_sharing_enabled":true,"jetpack_shortlink":"https:\/\/wp.me\/P6OM1I-1D","jetpack-related-posts":[{"id":368,"url":"https:\/\/client.coach\/blog\/utilisation-de-cookies\/","url_meta":{"origin":101,"position":0},"title":"Utilisation des cookies","author":"Client.coach","date":"28 septembre 2016","format":false,"excerpt":"Trois cookies sont identifi\u00e9s sur\u00a0CLIENT.COACH: Le site et le blog utilisent la solution de mesure d'audience propos\u00e9e par Google Analytics.\u00a0 Sur le site, dans le cas o\u00f9 l'utilisateur coche la case \"Se souvenir de moi 30 jours\" lors de la connexion \u00e0 son compte, un cookie est enregistr\u00e9 dans son\u2026","rel":"","context":"Article similaire","block_context":{"text":"Article similaire","link":""},"img":{"alt_text":"cookies","src":"https:\/\/i0.wp.com\/client.coach\/blog\/wp-content\/uploads\/2016\/09\/cookies-e1475066652992-300x163.jpg?resize=350%2C200&ssl=1","width":350,"height":200},"classes":[]},{"id":478,"url":"https:\/\/client.coach\/blog\/contactez-nous\/","url_meta":{"origin":101,"position":1},"title":"Contactez-nous","author":"Client.coach","date":"3 d\u00e9cembre 2016","format":false,"excerpt":"Pour nous contacter, veuillez\u00a0utiliser le formulaire ci-dessous. Vous pouvez \u00e9galement vous abonner \u00e0 notre newsletter.","rel":"","context":"Article similaire","block_context":{"text":"Article similaire","link":""},"img":{"alt_text":"","src":"","width":0,"height":0},"classes":[]},{"id":624,"url":"https:\/\/client.coach\/blog\/inscription-a-la-newsletter\/inscription-validee\/","url_meta":{"origin":101,"position":2},"title":"Inscription valid\u00e9e!","author":"Client.coach","date":"14 mars 2018","format":false,"excerpt":"Nous vous remercions de votre inscription. \u00a0","rel":"","context":"Article similaire","block_context":{"text":"Article similaire","link":""},"img":{"alt_text":"","src":"https:\/\/i0.wp.com\/client.coach\/blog\/wp-content\/uploads\/2018\/03\/e-mail-1197610_1920.jpg?fit=1200%2C876&ssl=1&resize=350%2C200","width":350,"height":200,"srcset":"https:\/\/i0.wp.com\/client.coach\/blog\/wp-content\/uploads\/2018\/03\/e-mail-1197610_1920.jpg?fit=1200%2C876&ssl=1&resize=350%2C200 1x, https:\/\/i0.wp.com\/client.coach\/blog\/wp-content\/uploads\/2018\/03\/e-mail-1197610_1920.jpg?fit=1200%2C876&ssl=1&resize=525%2C300 1.5x, https:\/\/i0.wp.com\/client.coach\/blog\/wp-content\/uploads\/2018\/03\/e-mail-1197610_1920.jpg?fit=1200%2C876&ssl=1&resize=700%2C400 2x, https:\/\/i0.wp.com\/client.coach\/blog\/wp-content\/uploads\/2018\/03\/e-mail-1197610_1920.jpg?fit=1200%2C876&ssl=1&resize=1050%2C600 3x"},"classes":[]},{"id":614,"url":"https:\/\/client.coach\/blog\/inscription-a-la-newsletter\/encore-une-derniere-chose\/","url_meta":{"origin":101,"position":3},"title":"Encore une derni\u00e8re chose&#8230;","author":"Client.coach","date":"14 mars 2018","format":false,"excerpt":"Afin de v\u00e9rifier que vous \u00eates bien \u00e0 l'origine de cette demande, merci de consulter votre bo\u00eete de r\u00e9ception pour confirmer votre abonnement. \u00a0 \u00a0","rel":"","context":"Article similaire","block_context":{"text":"Article similaire","link":""},"img":{"alt_text":"","src":"https:\/\/i0.wp.com\/client.coach\/blog\/wp-content\/uploads\/2018\/03\/e-mail-1197610_1920-300x219.jpg?resize=350%2C200&ssl=1","width":350,"height":200},"classes":[]},{"id":72,"url":"https:\/\/client.coach\/blog\/boite-a-idees\/","url_meta":{"origin":101,"position":4},"title":"Bo\u00eete \u00e0 id\u00e9es","author":"Client.coach","date":"18 octobre 2015","format":false,"excerpt":"Qu'elles vous paraissent pratiques, novatrices, lumineuses ou m\u00eame futiles, vos id\u00e9es d'am\u00e9liorations du site CLIENT.COACH nous int\u00e9ressent. Laissez libre cours \u00e0 vos envies, soumettez votre id\u00e9e et votez pour (ou contre) celles des autres utilisateurs !","rel":"","context":"Article similaire","block_context":{"text":"Article similaire","link":""},"img":{"alt_text":"","src":"","width":0,"height":0},"classes":[]},{"id":239,"url":"https:\/\/client.coach\/blog\/mises-a-jour\/","url_meta":{"origin":101,"position":5},"title":"Mises \u00e0 jour","author":"Client.coach","date":"21 avril 2016","format":false,"excerpt":"15 juin 2024: ajout de la possibilit\u00e9 de trier les suivis par ordre chronologique invers\u00e9. 14 avril 2019: am\u00e9lioration du mode webapp (standalone) gr\u00e2ce aux nouvelles fonctions support\u00e9es par iOs. 2 octobre 2018: s\u00e9curisation de l'envoi des e-mails aux clients gr\u00e2ce \u00e0 l'utilisation d'une adresse @client.coach. 24 juin 2018: support\u2026","rel":"","context":"Article similaire","block_context":{"text":"Article similaire","link":""},"img":{"alt_text":"","src":"","width":0,"height":0},"classes":[]}],"_links":{"self":[{"href":"https:\/\/client.coach\/blog\/wp-json\/wp\/v2\/pages\/101","targetHints":{"allow":["GET"]}}],"collection":[{"href":"https:\/\/client.coach\/blog\/wp-json\/wp\/v2\/pages"}],"about":[{"href":"https:\/\/client.coach\/blog\/wp-json\/wp\/v2\/types\/page"}],"author":[{"embeddable":true,"href":"https:\/\/client.coach\/blog\/wp-json\/wp\/v2\/users\/1"}],"replies":[{"embeddable":true,"href":"https:\/\/client.coach\/blog\/wp-json\/wp\/v2\/comments?post=101"}],"version-history":[{"count":14,"href":"https:\/\/client.coach\/blog\/wp-json\/wp\/v2\/pages\/101\/revisions"}],"predecessor-version":[{"id":717,"href":"https:\/\/client.coach\/blog\/wp-json\/wp\/v2\/pages\/101\/revisions\/717"}],"wp:attachment":[{"href":"https:\/\/client.coach\/blog\/wp-json\/wp\/v2\/media?parent=101"}],"curies":[{"name":"wp","href":"https:\/\/api.w.org\/{rel}","templated":true}]}}