{"id":239,"date":"2016-04-21T20:51:45","date_gmt":"2016-04-21T19:51:45","guid":{"rendered":"http:\/\/client.coach\/blog\/?page_id=239"},"modified":"2024-06-15T15:30:08","modified_gmt":"2024-06-15T14:30:08","slug":"mises-a-jour","status":"publish","type":"page","link":"https:\/\/client.coach\/blog\/mises-a-jour\/","title":{"rendered":"Mises \u00e0 jour"},"content":{"rendered":"<p><strong>15 juin 2024:<\/strong> ajout de la possibilit\u00e9 de trier les suivis par ordre chronologique invers\u00e9.<\/p>\n<p><strong>14 avril 2019:<\/strong> am\u00e9lioration du mode webapp (standalone) gr\u00e2ce aux nouvelles fonctions support\u00e9es par iOs.<\/p>\n<p><strong>2 octobre 2018:<\/strong> s\u00e9curisation de l&rsquo;envoi des e-mails aux clients gr\u00e2ce \u00e0 l&rsquo;utilisation d&rsquo;une adresse @client.coach.<\/p>\n<p><strong>24 juin 2018:<\/strong> support des langues non latines, ajout d&rsquo;un module de traduction, diverses am\u00e9liorations.<\/p>\n<p><strong>1er mai 2018:<\/strong> ajout d&rsquo;une nouvelle section destin\u00e9e \u00e0 recueillir les t\u00e9moignages photos et vid\u00e9os des clients.<\/p>\n<p><strong>26 mars 2018:<\/strong> les factures au format PDF indiquent le prix unitaire des produits command\u00e9s \u00e0 plusieurs exemplaires.<\/p>\n<p><strong>10 mars 2018:<\/strong>\u00a0meilleure gestion des caract\u00e8res accentu\u00e9s dans les vCards.<\/p>\n<p><strong>2 mars 2018:<\/strong>\u00a0possibilit\u00e9 d&rsquo;enregistrer ses messages personnalis\u00e9s dans tous les formulaires de contact.<\/p>\n<p><strong>14 f\u00e9vrier 2018:<\/strong> ajout de la recommandation permettant de gagner des mois d&rsquo;abonnement gratuit.<\/p>\n<p><strong>2 f\u00e9vrier 2018:<\/strong>\u00a0migration sur un serveur de derni\u00e8re g\u00e9n\u00e9ration et affichage du cours de l&rsquo;action Herbalife HLF (Premium).<\/p>\n<p><strong>27 d\u00e9cembre 2017:\u00a0<\/strong>correction automatique de l&rsquo;orientation de l&rsquo;image en important une photo de client.<\/p>\n<p><strong>26 d\u00e9cembre 2017:\u00a0<\/strong>impression et envoi par e-mail du bilan nutritionnel en PDF.<\/p>\n<p><strong>9 d\u00e9cembre 2017:\u00a0<\/strong>int\u00e9gration du chat Facebook Messenger dans la section \u00ab\u00a0Mon compte\u00a0\u00bb.<\/p>\n<p><strong>22 janvier 2017:<\/strong>\u00a0acc\u00e8s au journal des frais en PDF (Premium).<\/p>\n<p><strong>3 d\u00e9cembre 2016:<\/strong> optimisation du captcha et de l&rsquo;affichage des acomptes\u00a0suite au passage au mode multilingue.<\/p>\n<p><strong>7 novembre 2016:<\/strong> optimisation du site pour l&rsquo;affichage en tant que WebApp.<\/p>\n<p><strong>5 novembre 2016:<\/strong><i>\u00a0<\/i>am\u00e9lioration du redimensionnement et du d\u00e9coupage de la photo du client.<\/p>\n<p><strong>2 novembre 2016:<\/strong>\u00a0passage du site en mode multilingue.<\/p>\n<p><strong>30 septembre 2016:<\/strong> mise \u00e0 jour de l&rsquo;enregistrement des coordonn\u00e9es du client et de sa photo.<\/p>\n<p><strong>26 septembre 2016:<\/strong>\u00a0ajout d&rsquo;un message d&rsquo;avertissement sur les cookies pour \u00eatre en conformit\u00e9 avec la directive europ\u00e9enne.<\/p>\n<p><strong>2 ao\u00fbt 2016:<\/strong> ajout du bilan nutritionnel et des habitudes alimentaires dans les fiches clients.<\/p>\n<p><strong>29 juillet 2016:<\/strong> ajout d&rsquo;un champ libre \u00ab\u00a0Notes\u00a0\u00bb dans les fiches clients.<\/p>\n<p><strong>28 juillet 2016:<\/strong>\u00a0une signature (site web et num\u00e9ro de t\u00e9l\u00e9phone) est affich\u00e9e\u00a0\u00e0 la fin des e-mails.<\/p>\n<p><strong>27 juillet 2016:<\/strong> mise en place\u00a0des codes promo afin d&rsquo;offrir des p\u00e9riodes d&rsquo;utilisation gratuite lors d&rsquo;\u00e9v\u00e9nements.<\/p>\n<p><strong>24 juillet 2016: <\/strong>possibilit\u00e9 d&rsquo;enregistrer des acomptes dans les factures.<\/p>\n<p><strong>2 juillet 2016:<\/strong> la liste des clients peut \u00eatre tri\u00e9e par clients, membres ou ambassadeurs.<\/p>\n<p><strong>28 juin 2016:<\/strong>\u00a0export de vCards depuis les fiches clients.<\/p>\n<p><strong>18 juin 2016:<\/strong>\u00a0dans la cr\u00e9ation\u00a0et\u00a0la modification\u00a0d&rsquo;une\u00a0facture ou d&rsquo;une consommation personnelle (Premium):\u00a0possibilit\u00e9 de filtrer\u00a0les produits gr\u00e2ce \u00e0 une fen\u00eatre de recherche.<\/p>\n<p><strong>12 juin 2016:<\/strong>\u00a0possibilit\u00e9 de masquer les fiches des clients inactifs.<\/p>\n<p><strong>11 juin 2016:<\/strong>\u00a0l&rsquo;adresse e-mail n&rsquo;est plus un champ obligatoire dans les fiches clients.<\/p>\n<p><strong>5 juin 2016:<\/strong>\u00a0installation d&rsquo;un certificat SSL pour la s\u00e9curisation de l&rsquo;ensemble des \u00e9changes entre le site et les\u00a0terminaux distants, ajout de l&rsquo;export des e-mails de clients.<\/p>\n<p><strong>4 juin 2016:\u00a0<\/strong>mise en ligne de la version Premium (finances, bilan, liste de facturation&#8230;), adaptations dans\u00a0la section \u00ab\u00a0Mon compte\u00a0\u00bb, mise en ligne d&rsquo;une vid\u00e9o de pr\u00e9sentation sur la page principale.<\/p>\n<p><strong>30 mai 2016:<\/strong> la case \u00ab\u00a0M&rsquo;envoyer une copie du message\u00a0\u00bb est activ\u00e9e par d\u00e9faut dans les formulaires d&rsquo;envoi d&rsquo;e-mails.<\/p>\n<p><strong>21 avril 2016:<\/strong> inversion du \u00ab\u00a0Pr\u00e9nom\u00a0\u00bb et du \u00ab\u00a0Nom\u00a0\u00bb dans les listes affichant les clients.<\/p>\n<p><strong>5 avril 2016:<\/strong>\u00a0possibilit\u00e9 de mettre\u00a0en forme les e-emails (caract\u00e8res gras, italiques ou soulign\u00e9s).<\/p>\n<p><strong>21 f\u00e9vrier 2016:<\/strong>\u00a0l&rsquo;heure des suivis poss\u00e8de\u00a0d\u00e9sormais un champ qui lui est d\u00e9di\u00e9.<\/p>\n<p><strong>10 janvier 2016:<\/strong> syst\u00e8me permettant de\u00a0d\u00e9finir un\u00a0d\u00e9lai de paiement et affichage des rappels dans les factures.<\/p>\n<p><strong>26 d\u00e9cembre 2015:<\/strong>\u00a0des\u00a0info-bulles indiquent d\u00e9sormais dans quelle zone se trouvent les clients.<\/p>\n<p><strong>23 d\u00e9cembre 2015:<\/strong>\u00a0ajout de la purge des donn\u00e9es durant la\u00a0p\u00e9riode d\u2019essai.<\/p>\n<p><strong>4 novembre 2015:<\/strong> ajout de l&rsquo;envoi group\u00e9 d&rsquo;un e-mail \u00e0 tous ses clients.<\/p>\n<p><strong>15 octobre 2015:\u00a0<\/strong>\u00a0ajout de la possibilit\u00e9 d&rsquo;utiliser une liste de prix priv\u00e9e.<\/p>\n<p><strong>11 octobre 2015:<\/strong>\u00a0choix de l\u2019ordre d\u2019affichage des champs Tanita,\u00a0ajout d\u2019une fen\u00eatre d&rsquo;aide pour la photo client, possibilit\u00e9 d&rsquo;offrir un produit.<\/p>\n","protected":false},"excerpt":{"rendered":"<p>15 juin 2024: ajout de la possibilit\u00e9 de trier les suivis par ordre chronologique invers\u00e9. 14 avril 2019: am\u00e9lioration du mode webapp [&hellip;]<\/p>\n","protected":false},"author":1,"featured_media":0,"parent":0,"menu_order":0,"comment_status":"closed","ping_status":"closed","template":"","meta":{"jetpack_post_was_ever_published":false,"footnotes":""},"class_list":["post-239","page","type-page","status-publish","hentry"],"aioseo_notices":[],"jetpack_sharing_enabled":true,"jetpack_shortlink":"https:\/\/wp.me\/P6OM1I-3R","jetpack-related-posts":[{"id":368,"url":"https:\/\/client.coach\/blog\/utilisation-de-cookies\/","url_meta":{"origin":239,"position":0},"title":"Utilisation des cookies","author":"Client.coach","date":"28 septembre 2016","format":false,"excerpt":"Trois cookies sont identifi\u00e9s sur\u00a0CLIENT.COACH: Le site et le blog utilisent la solution de mesure d'audience propos\u00e9e par Google Analytics.\u00a0 Sur le site, dans le cas o\u00f9 l'utilisateur coche la case \"Se souvenir de moi 30 jours\" lors de la connexion \u00e0 son compte, un cookie est enregistr\u00e9 dans son\u2026","rel":"","context":"Article similaire","block_context":{"text":"Article similaire","link":""},"img":{"alt_text":"cookies","src":"https:\/\/i0.wp.com\/client.coach\/blog\/wp-content\/uploads\/2016\/09\/cookies-e1475066652992-300x163.jpg?resize=350%2C200&ssl=1","width":350,"height":200},"classes":[]},{"id":101,"url":"https:\/\/client.coach\/blog\/aide-en-videos\/","url_meta":{"origin":239,"position":1},"title":"Aide en vid\u00e9os","author":"Client.coach","date":"31 octobre 2015","format":false,"excerpt":"Ces\u00a0screencasts vous indiquent en d\u00e9tail\u00a0l'ajout\u00a0d'un client, d'un suivi ou encore\u00a0la cr\u00e9ation d'une facture. Ils vous\u00a0permettent d'am\u00e9liorer vos connaissances du site\u00a0CLIENT.COACH\u00a0en quelques minutes. Enregistrement et param\u00e8trage \u00a0 Suivi de clients Herbalife \u00a0 Facturation \u00a0 Listes de prix publiques et priv\u00e9es \ufeff \u00a0 Bilan nutritionnel \ufeff \u00a0 Messages personnalis\u00e9s \ufeff","rel":"","context":"Article similaire","block_context":{"text":"Article similaire","link":""},"img":{"alt_text":"","src":"","width":0,"height":0},"classes":[]},{"id":72,"url":"https:\/\/client.coach\/blog\/boite-a-idees\/","url_meta":{"origin":239,"position":2},"title":"Bo\u00eete \u00e0 id\u00e9es","author":"Client.coach","date":"18 octobre 2015","format":false,"excerpt":"Qu'elles vous paraissent pratiques, novatrices, lumineuses ou m\u00eame futiles, vos id\u00e9es d'am\u00e9liorations du site CLIENT.COACH nous int\u00e9ressent. Laissez libre cours \u00e0 vos envies, soumettez votre id\u00e9e et votez pour (ou contre) celles des autres utilisateurs !","rel":"","context":"Article similaire","block_context":{"text":"Article similaire","link":""},"img":{"alt_text":"","src":"","width":0,"height":0},"classes":[]}],"_links":{"self":[{"href":"https:\/\/client.coach\/blog\/wp-json\/wp\/v2\/pages\/239","targetHints":{"allow":["GET"]}}],"collection":[{"href":"https:\/\/client.coach\/blog\/wp-json\/wp\/v2\/pages"}],"about":[{"href":"https:\/\/client.coach\/blog\/wp-json\/wp\/v2\/types\/page"}],"author":[{"embeddable":true,"href":"https:\/\/client.coach\/blog\/wp-json\/wp\/v2\/users\/1"}],"replies":[{"embeddable":true,"href":"https:\/\/client.coach\/blog\/wp-json\/wp\/v2\/comments?post=239"}],"version-history":[{"count":51,"href":"https:\/\/client.coach\/blog\/wp-json\/wp\/v2\/pages\/239\/revisions"}],"predecessor-version":[{"id":833,"href":"https:\/\/client.coach\/blog\/wp-json\/wp\/v2\/pages\/239\/revisions\/833"}],"wp:attachment":[{"href":"https:\/\/client.coach\/blog\/wp-json\/wp\/v2\/media?parent=239"}],"curies":[{"name":"wp","href":"https:\/\/api.w.org\/{rel}","templated":true}]}}