{"id":401,"date":"2016-11-09T03:15:46","date_gmt":"2016-11-09T02:15:46","guid":{"rendered":"https:\/\/client.coach\/blog\/?page_id=401"},"modified":"2024-04-15T21:06:45","modified_gmt":"2024-04-15T20:06:45","slug":"home","status":"publish","type":"page","link":"https:\/\/client.coach\/blog\/","title":{"rendered":"Home"},"content":{"rendered":"<div id=\"pl-401\"  class=\"panel-layout\" ><div id=\"pg-401-0\"  class=\"panel-grid panel-has-style\" ><div class=\"siteorigin-panels-stretch panel-row-style panel-row-style-for-401-0\" style=\"border-bottom: 1px solid #f7e0b9;padding: 100px 0; \" data-stretch-type=\"full\" data-overlay=\"true\" data-overlay-color=\"#000000\" ><div id=\"pgc-401-0-0\"  class=\"panel-grid-cell\" ><div id=\"panel-401-0-0-0\" class=\"so-panel widget widget_sydney_services_type_a sydney_services_widget panel-first-child panel-last-child\" data-index=\"0\" ><div style=\"text-align: left;\" data-title-color=\"#443f3f\" data-headings-color=\"#443f3f\" class=\"panel-widget-style panel-widget-style-for-401-0-0-0\" >\t\t\t\r\n\t\t\t\t\t\t\t\t\t\t\t\t\t\t\t\t\t\t\t<div class=\"service col-md-4\">\r\n\t\t\t\t\t\t\t\t\t<div class=\"roll-icon-box\">\r\n\t\t\t\t\t\t\t\t\t\r\n\t\t\t\t\t\t\t<div class=\"icon\">\r\n\t\t\t\t\t\t\t\t\t\t\t\t\t\t\t\t\t<a href=\"\/blog\/nouveautes\/\"><i class=\"fa fa-cc\"><\/i><\/a>\t\t\t\t\t\t\t\t\t\t\t\t\t\t\t<\/div>\r\n\t\t\t\t\t\t\t\t\t\t\t\t<div class=\"content\">\r\n\t\t\t\t\t\t\t<h3>\r\n\t\t\t\t\t\t\t\t\t\t\t\t\t\t\t\t\t<a href=\"\/blog\/nouveautes\/\">Derni\u00e8res nouveaut\u00e9s<\/a>\r\n\t\t\t\t\t\t\t\t\t\t\t\t\t\t\t<\/h3>\r\n\t\t\t\t\t\t\t\t\t\t\t\t\t\t\t\r\n\t\t\t\t\t\t\t\t<p>Les possibilit\u00e9s offertes par CLIENT.COACH \u00e9voluent en permanence. Pour vous tenir inform\u00e9s des nouvelles fonctionnalit\u00e9s, consultez r\u00e9guli\u00e8rement cette rubrique ! Vous y trouverez aussi des conseils et des astuces afin d&rsquo;optimiser votre utilisation du site.<\/p>\n\t\t\t\t\t\t\t\t\t\t\t\t\t<\/div><!--.info-->\t\r\n\t\t\t\t\t<\/div>\r\n\t\t\t\t<\/div>\r\n\t\t\t\t\t\t\t\t\t\t\t\t\t\t\t\t\t\t\t<div class=\"service col-md-4\">\r\n\t\t\t\t\t\t\t\t\t<div class=\"roll-icon-box\">\r\n\t\t\t\t\t\t\t\t\t\r\n\t\t\t\t\t\t\t<div class=\"icon\">\r\n\t\t\t\t\t\t\t\t\t\t\t\t\t\t\t\t\t<a href=\"\/blog\/aide-en-videos\/\"><i class=\"fa fa-file-video-o\"><\/i><\/a>\t\t\t\t\t\t\t\t\t\t\t\t\t\t\t<\/div>\r\n\t\t\t\t\t\t\t\t\t\t\t\t<div class=\"content\">\r\n\t\t\t\t\t\t\t<h3>\r\n\t\t\t\t\t\t\t\t\t\t\t\t\t\t\t\t\t<a href=\"\/blog\/aide-en-videos\/\">Vid\u00e9os de formation<\/a>\r\n\t\t\t\t\t\t\t\t\t\t\t\t\t\t\t<\/h3>\r\n\t\t\t\t\t\t\t\t\t\t\t\t\t\t\t\r\n\t\t\t\t\t\t\t\t<p>Des screencasts vous expliquent le fonctionnement de chaque section propos\u00e9e sur\u00a0CLIENT.COACH. Ces vid\u00e9os vous permettent d&rsquo;am\u00e9liorer votre utilisation du site en d\u00e9taillant\u00a0toutes les possibilit\u00e9s qu&rsquo;il offre et les options de param\u00e9trage.<\/p>\n\t\t\t\t\t\t\t\t\t\t\t\t\t<\/div><!--.info-->\t\r\n\t\t\t\t\t<\/div>\r\n\t\t\t\t<\/div>\r\n\t\t\t\t\t\t\t\t\t\t\t\t\t\t\t\t\t\t\t<div class=\"service col-md-4\">\r\n\t\t\t\t\t\t\t\t\t<div class=\"roll-icon-box\">\r\n\t\t\t\t\t\t\t\t\t\r\n\t\t\t\t\t\t\t<div class=\"icon\">\r\n\t\t\t\t\t\t\t\t\t\t\t\t\t\t\t\t\t<a href=\"\/blog\/boite-a-idees\/\"><i class=\"fa fa-question-circle\"><\/i><\/a>\t\t\t\t\t\t\t\t\t\t\t\t\t\t\t<\/div>\r\n\t\t\t\t\t\t\t\t\t\t\t\t<div class=\"content\">\r\n\t\t\t\t\t\t\t<h3>\r\n\t\t\t\t\t\t\t\t\t\t\t\t\t\t\t\t\t<a href=\"\/blog\/boite-a-idees\/\">Bo\u00eete \u00e0 id\u00e9es<\/a>\r\n\t\t\t\t\t\t\t\t\t\t\t\t\t\t\t<\/h3>\r\n\t\t\t\t\t\t\t\t\t\t\t\t\t\t\t\r\n\t\t\t\t\t\t\t\t<p>Qu\u2019elles vous paraissent pratiques, novatrices, lumineuses ou m\u00eame futiles, vos id\u00e9es d\u2019am\u00e9liorations du site CLIENT.COACH nous int\u00e9ressent. Laissez libre cours \u00e0 vos envies, soumettez votre id\u00e9e et votez pour (ou contre) celles des autres utilisateurs !<\/p>\n\t\t\t\t\t\t\t\t\t\t\t\t\t<\/div><!--.info-->\t\r\n\t\t\t\t\t<\/div>\r\n\t\t\t\t<\/div>\r\n\t\t\t\r\n\t\t\t\t\t\t\t\r\n\t<\/div><\/div><\/div><\/div><\/div><div id=\"pg-401-1\"  class=\"panel-grid panel-has-style\" ><div style=\"border-bottom: 1px solid #f7e0b9;padding: 100px 0; \" data-overlay=\"true\" data-overlay-color=\"#000000\" class=\"panel-row-style panel-row-style-for-401-1\" ><div id=\"pgc-401-1-0\"  class=\"panel-grid-cell\" ><div id=\"panel-401-1-0-0\" class=\"so-panel widget widget_sydney_latest_news sydney_latest_news_widget panel-first-child panel-last-child\" data-index=\"1\" ><div style=\"text-align: left;\" data-title-color=\"#443f3f\" data-headings-color=\"#443f3f\" class=\"panel-widget-style panel-widget-style-for-401-1-0-0\" >\t\t<h3 class=\"widget-title\">Derni\u00e8res nouveaut\u00e9s<\/h3>\r\n\t\t\t\t\t<div class=\"blog-post col-md-4 col-sm-6 col-xs-12\">\r\n\t\t\t\t\t\t\t<div class=\"entry-thumb\">\r\n\t\t\t\t\t<a href=\"https:\/\/client.coach\/blog\/calcul-de-votre-objectif-grace-au-panier-moyen\/\" title=\"Calcul de votre objectif gr\u00e2ce au panier moyen\">\r\n\t\t\t\t\t\t<img loading=\"lazy\" decoding=\"async\" width=\"550\" height=\"400\" src=\"https:\/\/i0.wp.com\/client.coach\/blog\/wp-content\/uploads\/2018\/11\/objectif_cc.jpg?resize=550%2C400&amp;ssl=1\" class=\"attachment-sydney-medium-thumb size-sydney-medium-thumb wp-post-image\" alt=\"\" srcset=\"https:\/\/i0.wp.com\/client.coach\/blog\/wp-content\/uploads\/2018\/11\/objectif_cc.jpg?resize=550%2C400&amp;ssl=1 550w, https:\/\/i0.wp.com\/client.coach\/blog\/wp-content\/uploads\/2018\/11\/objectif_cc.jpg?zoom=2&amp;resize=550%2C400&amp;ssl=1 1100w, https:\/\/i0.wp.com\/client.coach\/blog\/wp-content\/uploads\/2018\/11\/objectif_cc.jpg?zoom=3&amp;resize=550%2C400&amp;ssl=1 1650w\" sizes=\"auto, (max-width: 550px) 100vw, 550px\" data-attachment-id=\"739\" data-permalink=\"https:\/\/client.coach\/blog\/calcul-de-votre-objectif-grace-au-panier-moyen\/objectif_cc\/\" data-orig-file=\"https:\/\/i0.wp.com\/client.coach\/blog\/wp-content\/uploads\/2018\/11\/objectif_cc.jpg?fit=1920%2C1315&amp;ssl=1\" data-orig-size=\"1920,1315\" data-comments-opened=\"1\" data-image-meta=\"{&quot;aperture&quot;:&quot;0&quot;,&quot;credit&quot;:&quot;&quot;,&quot;camera&quot;:&quot;&quot;,&quot;caption&quot;:&quot;&quot;,&quot;created_timestamp&quot;:&quot;0&quot;,&quot;copyright&quot;:&quot;&quot;,&quot;focal_length&quot;:&quot;0&quot;,&quot;iso&quot;:&quot;0&quot;,&quot;shutter_speed&quot;:&quot;0&quot;,&quot;title&quot;:&quot;&quot;,&quot;orientation&quot;:&quot;0&quot;}\" data-image-title=\"J&amp;rsquo;atteins mes objectifs!\" data-image-description=\"\" data-image-caption=\"&lt;p&gt;Photo by rawpixel on Unsplash&lt;\/p&gt;\n\" data-large-file=\"https:\/\/i0.wp.com\/client.coach\/blog\/wp-content\/uploads\/2018\/11\/objectif_cc.jpg?fit=1024%2C701&amp;ssl=1\" \/>\t\t\t\t\t<\/a>\t\t\t\r\n\t\t\t\t<\/div>\t\r\n\t\t\t\t\t\t\t\t\t\r\n\t\t\t<h4 class=\"entry-title\"><a href=\"https:\/\/client.coach\/blog\/calcul-de-votre-objectif-grace-au-panier-moyen\/\" rel=\"bookmark\">Calcul de votre objectif gr\u00e2ce au panier moyen<\/a><\/h4>\t\t\t\t<div class=\"entry-summary\"><p>Si vous \u00eates abonn\u00e9-e \u00e0 la version Premium de CLIENT.COACH, vous avez acc\u00e8s \u00e0 un bilan complet de vos finances qui tient [&hellip;]<\/p>\n<\/div>\r\n\t\t\t<\/div>\r\n\t\t\t\t\t<div class=\"blog-post col-md-4 col-sm-6 col-xs-12\">\r\n\t\t\t\t\t\t\t<div class=\"entry-thumb\">\r\n\t\t\t\t\t<a href=\"https:\/\/client.coach\/blog\/envoi-de-mails-securise\/\" title=\"Envoi d&rsquo;e-mails s\u00e9curis\u00e9\">\r\n\t\t\t\t\t\t<img loading=\"lazy\" decoding=\"async\" width=\"550\" height=\"400\" src=\"https:\/\/i0.wp.com\/client.coach\/blog\/wp-content\/uploads\/2018\/10\/nikolay-tchaouchev-784494-unsplash_2.jpg?resize=550%2C400&amp;ssl=1\" class=\"attachment-sydney-medium-thumb size-sydney-medium-thumb wp-post-image\" alt=\"unsplash.com\" srcset=\"https:\/\/i0.wp.com\/client.coach\/blog\/wp-content\/uploads\/2018\/10\/nikolay-tchaouchev-784494-unsplash_2.jpg?resize=550%2C400&amp;ssl=1 550w, https:\/\/i0.wp.com\/client.coach\/blog\/wp-content\/uploads\/2018\/10\/nikolay-tchaouchev-784494-unsplash_2.jpg?zoom=2&amp;resize=550%2C400&amp;ssl=1 1100w\" sizes=\"auto, (max-width: 550px) 100vw, 550px\" data-attachment-id=\"729\" data-permalink=\"https:\/\/client.coach\/blog\/envoi-de-mails-securise\/nikolay-tchaouchev-784494-unsplash_2\/\" data-orig-file=\"https:\/\/i0.wp.com\/client.coach\/blog\/wp-content\/uploads\/2018\/10\/nikolay-tchaouchev-784494-unsplash_2.jpg?fit=1200%2C800&amp;ssl=1\" data-orig-size=\"1200,800\" data-comments-opened=\"1\" data-image-meta=\"{&quot;aperture&quot;:&quot;0&quot;,&quot;credit&quot;:&quot;&quot;,&quot;camera&quot;:&quot;&quot;,&quot;caption&quot;:&quot;&quot;,&quot;created_timestamp&quot;:&quot;0&quot;,&quot;copyright&quot;:&quot;&quot;,&quot;focal_length&quot;:&quot;0&quot;,&quot;iso&quot;:&quot;0&quot;,&quot;shutter_speed&quot;:&quot;0&quot;,&quot;title&quot;:&quot;&quot;,&quot;orientation&quot;:&quot;0&quot;}\" data-image-title=\"nikolay-tchaouchev-784494-unsplash_2\" data-image-description=\"\" data-image-caption=\"\" data-large-file=\"https:\/\/i0.wp.com\/client.coach\/blog\/wp-content\/uploads\/2018\/10\/nikolay-tchaouchev-784494-unsplash_2.jpg?fit=1024%2C683&amp;ssl=1\" \/>\t\t\t\t\t<\/a>\t\t\t\r\n\t\t\t\t<\/div>\t\r\n\t\t\t\t\t\t\t\t\t\r\n\t\t\t<h4 class=\"entry-title\"><a href=\"https:\/\/client.coach\/blog\/envoi-de-mails-securise\/\" rel=\"bookmark\">Envoi d&rsquo;e-mails s\u00e9curis\u00e9<\/a><\/h4>\t\t\t\t<div class=\"entry-summary\"><p>D\u00e8s \u00e0 pr\u00e9sent, en envoyant un message, une facture ou leurs r\u00e9sultats \u00e0 vos clients, l&rsquo;adresse de l&rsquo;exp\u00e9diteur de l&rsquo;e-mail sera client@client.coach. [&hellip;]<\/p>\n<\/div>\r\n\t\t\t<\/div>\r\n\t\t\t\t\t<div class=\"blog-post col-md-4 col-sm-6 col-xs-12\">\r\n\t\t\t\t\t\t\t<div class=\"entry-thumb\">\r\n\t\t\t\t\t<a href=\"https:\/\/client.coach\/blog\/utilisation-des-listes-de-prix\/\" title=\"Utilisation des listes de prix\">\r\n\t\t\t\t\t\t<img loading=\"lazy\" decoding=\"async\" width=\"550\" height=\"400\" src=\"https:\/\/i0.wp.com\/client.coach\/blog\/wp-content\/uploads\/2018\/09\/business-1869127_1920-e1536784061949.jpg?resize=550%2C400&amp;ssl=1\" class=\"attachment-sydney-medium-thumb size-sydney-medium-thumb wp-post-image\" alt=\"\" srcset=\"https:\/\/i0.wp.com\/client.coach\/blog\/wp-content\/uploads\/2018\/09\/business-1869127_1920-e1536784061949.jpg?resize=550%2C400&amp;ssl=1 550w, https:\/\/i0.wp.com\/client.coach\/blog\/wp-content\/uploads\/2018\/09\/business-1869127_1920-e1536784061949.jpg?zoom=2&amp;resize=550%2C400&amp;ssl=1 1100w\" sizes=\"auto, (max-width: 550px) 100vw, 550px\" data-attachment-id=\"720\" data-permalink=\"https:\/\/client.coach\/blog\/utilisation-des-listes-de-prix\/business-1869127_1920\/\" data-orig-file=\"https:\/\/i0.wp.com\/client.coach\/blog\/wp-content\/uploads\/2018\/09\/business-1869127_1920-e1536784061949.jpg?fit=1492%2C1012&amp;ssl=1\" data-orig-size=\"1492,1012\" data-comments-opened=\"1\" data-image-meta=\"{&quot;aperture&quot;:&quot;4&quot;,&quot;credit&quot;:&quot;&quot;,&quot;camera&quot;:&quot;Canon EOS 6D&quot;,&quot;caption&quot;:&quot;&quot;,&quot;created_timestamp&quot;:&quot;0&quot;,&quot;copyright&quot;:&quot;&quot;,&quot;focal_length&quot;:&quot;58&quot;,&quot;iso&quot;:&quot;2000&quot;,&quot;shutter_speed&quot;:&quot;0.0008&quot;,&quot;title&quot;:&quot;&quot;,&quot;orientation&quot;:&quot;0&quot;}\" data-image-title=\"business-1869127_1920\" data-image-description=\"\" data-image-caption=\"\" data-large-file=\"https:\/\/i0.wp.com\/client.coach\/blog\/wp-content\/uploads\/2018\/09\/business-1869127_1920-e1536784061949.jpg?fit=1024%2C695&amp;ssl=1\" \/>\t\t\t\t\t<\/a>\t\t\t\r\n\t\t\t\t<\/div>\t\r\n\t\t\t\t\t\t\t\t\t\r\n\t\t\t<h4 class=\"entry-title\"><a href=\"https:\/\/client.coach\/blog\/utilisation-des-listes-de-prix\/\" rel=\"bookmark\">Utilisation des listes de prix<\/a><\/h4>\t\t\t\t<div class=\"entry-summary\"><p>Vous \u00eates de plus en plus nombreux \u00e0 nous solliciter pour l&rsquo;utilisation d&rsquo;une liste de prix priv\u00e9e sur CLIENT.COACH. Nous en profitons [&hellip;]<\/p>\n<\/div>\r\n\t\t\t<\/div>\r\n\t\t\r\n\t\t\t\t\t\t\t<a href=\"https:\/\/client.coach\/blog\/nouveautes\/\" class=\"roll-button more-button\">Toutes les nouveaut\u00e9s<\/a>\r\n\t\t\t\t\r\n\t<\/div><\/div><\/div><\/div><\/div><div id=\"pg-401-2\"  class=\"panel-grid panel-has-style\" ><div class=\"siteorigin-panels-stretch panel-row-style panel-row-style-for-401-2\" style=\"color: #ffffff;background-image: url(https:\/\/i0.wp.com\/client.coach\/blog\/wp-content\/uploads\/2015\/10\/Photos_site_Sacha_07.jpg?fit=1328%2C747&#038;ssl=1);padding: 100px 0; \" data-stretch-type=\"full\" data-hascolor=\"hascolor\" data-hasbg=\"hasbg\" data-overlay=\"true\" data-overlay-color=\"#000000\" ><div id=\"pgc-401-2-0\"  class=\"panel-grid-cell\" ><div id=\"panel-401-2-0-0\" class=\"so-panel widget widget_sydney_video_widget sydney_video_widget_widget panel-first-child panel-last-child\" data-index=\"2\" ><div style=\"text-align: left;\" data-title-color=\"#443f3f\" data-headings-color=\"#443f3f\" class=\"panel-widget-style panel-widget-style-for-401-2-0-0\" ><div class=\"sydney-video vid-normal\"><div class=\"video-overlay\"><div class=\"sydney-video-inner\"><span class=\"close-popup\"><i class=\"fa fa-times\"><\/i><\/span><iframe loading=\"lazy\" title=\"CLIENT.COACH - Survol de notre offre compl\u00e8te\" width=\"1170\" height=\"658\" src=\"https:\/\/www.youtube.com\/embed\/GgaQyEuLihY?feature=oembed\" frameborder=\"0\" allow=\"accelerometer; autoplay; clipboard-write; encrypted-media; gyroscope; picture-in-picture; web-share\" referrerpolicy=\"strict-origin-when-cross-origin\" allowfullscreen><\/iframe><\/div><\/div><div class=\"video-text\"><\/div><a href=\"#\" class=\"toggle-popup\"><i class=\"fa fa-play\"><\/i><\/a><\/div><\/div><\/div><\/div><div id=\"pgc-401-2-1\"  class=\"panel-grid-cell\" ><div id=\"panel-401-2-1-0\" class=\"so-panel widget widget_sydney_action sydney_action_widget panel-first-child panel-last-child\" data-index=\"3\" ><div style=\"text-align: left;\" data-title-color=\"#e8e8e8\" data-headings-color=\"#e8e8e8\" class=\"panel-widget-style panel-widget-style-for-401-2-1-0\" ><h3 class=\"widget-title\">Test gratuit<\/h3>        <div class=\"roll-promobox \">\r\n\t\t\t<div class=\"promo-wrap\">\r\n\t\t\t\t\t\t\t\t<div class=\"promo-content\">\r\n\t\t\t\t\t<h3 class=\"title\">Testez la version Premium de CLIENT.COACH<br>pendant 10 jours !<\/h3>\r\n\t\t\t\t<\/div>\r\n\t\t\t\t\t\t\t\t<div class=\"promo-controls\">\r\n\t\t\t\t\t<a href=\"https:\/\/client.coach\/#contact\" class=\"roll-button border\">Enregistrez-vous !<\/a>\r\n\t\t\t\t<\/div>\r\n\t\t\t<\/div>\r\n        <\/div>\r\n\t<\/div><\/div><\/div><\/div><\/div><div id=\"pg-401-3\"  class=\"panel-grid panel-has-style\" ><div class=\"siteorigin-panels-stretch panel-row-style panel-row-style-for-401-3\" style=\"padding: 100px 0; \" data-stretch-type=\"full\" data-overlay=\"true\" data-overlay-color=\"#000000\" ><div id=\"pgc-401-3-0\"  class=\"panel-grid-cell\" ><div id=\"panel-401-3-0-0\" class=\"so-panel widget widget_sydney_services_type_b sydney_services_b_widget panel-first-child panel-last-child\" data-index=\"4\" ><div style=\"text-align: left;\" data-title-color=\"#443f3f\" data-headings-color=\"#443f3f\" class=\"panel-widget-style panel-widget-style-for-401-3-0-0\" >\t\t\t<h3 class=\"widget-title\">Deux versions<\/h3>\r\n\t\t\t\t<div class=\"roll-icon-list\">\r\n\t\t\t\t\t\t\t\t\t\t\t\t\t\t\t\t\t\t\t\t\t\t\t<div class=\"service clearfix \">\r\n\t\t\t\t\t\t\t<div class=\"list-item clearfix\">\r\n\t\t\t\t\t\t\t\t\t\t\t\r\n\t\t\t\t\t\t\t\t\t<div class=\"icon\">\r\n\t\t\t\t\t\t\t\t\t\t\t\t\t\t\t\t\t\t\t\t\t<i class=\"fa fa-dot-circle-o\"><\/i>\t\t\t\t\t\t\t\t\t\t\t\t\t\t\t\t\t\t\t<\/div>\r\n\t\t\t\t\t\t\t\t\t\t\t\t\t\t\t\t<div class=\"content\">\r\n\t\t\t\t\t\t\t\t\t<h3>\r\n\t\t\t\t\t\t\t\t\t\t\t\t\t\t\t\t\t\t\t\t\tBasic\t\t\t\t\t\t\t\t\t\t\t\t\t\t\t\t\t\t\t<\/h3>\r\n\t\t\t\t\t\t\t\t\t\t\t\t\t\t\t\t\t\r\n\t\t\t\t\t\t\t\t\t\t<p>La version Basic vous permet de r\u00e9alisez facilement des factures professionnelles de les imprimer ou de les envoyer par e-mail ou encore de g\u00e9rer int\u00e9gralement l&rsquo;\u00e9volution du programme de vos clients.<\/p>\n\t\t\t\t\t\t\t\t\t\t\t\t\t\t\t\t\t<\/div><!--.info-->\t\r\n\t\t\t\t\t\t\t<\/div>\r\n\t\t\t\t\t\t<\/div>\r\n\t\t\t\t\t\t\t\t\t\t\t\t\t\t\t\t\t\t\t\t\t\t\t<div class=\"service clearfix \">\r\n\t\t\t\t\t\t\t<div class=\"list-item clearfix\">\r\n\t\t\t\t\t\t\t\t\t\t\t\r\n\t\t\t\t\t\t\t\t\t<div class=\"icon\">\r\n\t\t\t\t\t\t\t\t\t\t\t\t\t\t\t\t\t\t\t\t\t<i class=\"fa fa-plus-circle\"><\/i>\t\t\t\t\t\t\t\t\t\t\t\t\t\t\t\t\t\t\t<\/div>\r\n\t\t\t\t\t\t\t\t\t\t\t\t\t\t\t\t<div class=\"content\">\r\n\t\t\t\t\t\t\t\t\t<h3>\r\n\t\t\t\t\t\t\t\t\t\t\t\t\t\t\t\t\t\t\t\t\tPremium\t\t\t\t\t\t\t\t\t\t\t\t\t\t\t\t\t\t\t<\/h3>\r\n\t\t\t\t\t\t\t\t\t\t\t\t\t\t\t\t\t\r\n\t\t\t\t\t\t\t\t\t\t<p>La version Premium vous permet d&rsquo;ajouter vos commandes de produits, vos royalties ou encore vos frais personnels. Vous pouvez ainsi \u00e0 tout moment garder un \u0153il sur votre situation financi\u00e8re globale dans un bilan comptable.<\/p>\n\t\t\t\t\t\t\t\t\t\t\t\t\t\t\t\t\t<\/div><!--.info-->\t\r\n\t\t\t\t\t\t\t<\/div>\r\n\t\t\t\t\t\t<\/div>\r\n\t\t\t\t\t\t\t\t\t<\/div>\t\r\n\r\n\t\t\t\t\t\t\t\t\r\n\t<\/div><\/div><\/div><div id=\"pgc-401-3-1\"  class=\"panel-grid-cell\" ><div id=\"panel-401-3-1-0\" class=\"so-panel widget widget_sow-image panel-first-child panel-last-child\" data-index=\"5\" ><div style=\"text-align: left;\" data-title-color=\"#443f3f\" data-headings-color=\"#443f3f\" class=\"panel-widget-style panel-widget-style-for-401-3-1-0\" ><div\n\t\t\t\n\t\t\tclass=\"so-widget-sow-image so-widget-sow-image-default-c67d20f9f743-431\"\n\t\t\t\n\t\t>\n<div class=\"sow-image-container\">\n\t\t<img \n\tsrc=\"https:\/\/i0.wp.com\/client.coach\/blog\/wp-content\/uploads\/2016\/12\/iphone.png?fit=1024%2C675&amp;ssl=1\" width=\"1024\" height=\"675\" srcset=\"https:\/\/i0.wp.com\/client.coach\/blog\/wp-content\/uploads\/2016\/12\/iphone.png?w=1024&amp;ssl=1 1024w, https:\/\/i0.wp.com\/client.coach\/blog\/wp-content\/uploads\/2016\/12\/iphone.png?resize=300%2C198&amp;ssl=1 300w, https:\/\/i0.wp.com\/client.coach\/blog\/wp-content\/uploads\/2016\/12\/iphone.png?resize=768%2C506&amp;ssl=1 768w, https:\/\/i0.wp.com\/client.coach\/blog\/wp-content\/uploads\/2016\/12\/iphone.png?resize=830%2C547&amp;ssl=1 830w, https:\/\/i0.wp.com\/client.coach\/blog\/wp-content\/uploads\/2016\/12\/iphone.png?resize=230%2C152&amp;ssl=1 230w, https:\/\/i0.wp.com\/client.coach\/blog\/wp-content\/uploads\/2016\/12\/iphone.png?resize=350%2C231&amp;ssl=1 350w, https:\/\/i0.wp.com\/client.coach\/blog\/wp-content\/uploads\/2016\/12\/iphone.png?resize=480%2C316&amp;ssl=1 480w\" alt=\"\" \t\tclass=\"so-widget-image\"\/>\n\t<\/div>\n\n<\/div><\/div><\/div><\/div><\/div><\/div><div id=\"pg-401-4\"  class=\"panel-grid panel-has-style\" ><div class=\"siteorigin-panels-stretch panel-row-style panel-row-style-for-401-4\" style=\"padding: 100px 0; \" data-stretch-type=\"full\" data-overlay=\"true\" data-overlay-color=\"#000000\" ><div id=\"pgc-401-4-0\"  class=\"panel-grid-cell\" ><div id=\"panel-401-4-0-0\" class=\"so-panel widget widget_sydney_facts sydney_facts_widget panel-first-child panel-last-child\" data-index=\"6\" ><div style=\"text-align: left;\" data-title-color=\"#ffffff\" data-headings-color=\"#efefef\" class=\"panel-widget-style panel-widget-style-for-401-4-0-0\" >\r\n\t\t\r\n\t\t\t\t<div class=\"col-md-3 col-sm-3\">\r\n\t\t\t<div class=\"roll-counter\">\r\n\t\t\t\t<i class=\"fa fa-shopping-basket\"><\/i>\r\n\t\t\t\t<div class=\"name-count\">Nombre de factures<\/div>\r\n\t\t\t\t<div class=\"numb-count\" data-from=\"0\" data-to=\"7811\" data-speed=\"2000\" data-waypoint-active=\"yes\">7811<\/div>\r\n\t\t\t<\/div>\r\n\t\t<\/div>\r\n\t\t\t\t\t\t<div class=\"col-md-3 col-sm-3\">\r\n\t\t\t<div class=\"roll-counter\">\r\n\t\t\t\t<i class=\"fa fa-thumb-tack\"><\/i>\r\n\t\t\t\t<div class=\"name-count\">Nombre de suivis<\/div>\r\n\t\t\t\t<div class=\"numb-count\" data-from=\"0\" data-to=\"15030\" data-speed=\"2000\" data-waypoint-active=\"yes\">15030<\/div>\r\n\t\t\t<\/div>\r\n\t\t<\/div>\r\n\t\t\t\t\t\t<div class=\"col-md-3 col-sm-3\">\r\n\t\t\t<div class=\"roll-counter\">\r\n\t\t\t\t<i class=\"fa fa-users\"><\/i>\r\n\t\t\t\t<div class=\"name-count\">Nombre de clients<\/div>\r\n\t\t\t\t<div class=\"numb-count\" data-from=\"0\" data-to=\"3385\" data-speed=\"2000\" data-waypoint-active=\"yes\">3385<\/div>\r\n\t\t\t<\/div>\r\n\t\t<\/div>\r\n\t\t\t\t\t\t<div class=\"col-md-3 col-sm-3\">\r\n\t\t\t<div class=\"roll-counter\">\r\n\t\t\t\t<i class=\"fa fa-envelope\"><\/i>\r\n\t\t\t\t<div class=\"name-count\">Envois de mails<\/div>\r\n\t\t\t\t<div class=\"numb-count\" data-from=\"0\" data-to=\"8914\" data-speed=\"2000\" data-waypoint-active=\"yes\">8914<\/div>\r\n\t\t\t<\/div>\r\n\t\t<\/div>\r\n\t\t\r\n\t<\/div><\/div><\/div><\/div><\/div><div id=\"pg-401-5\"  class=\"panel-grid panel-has-style\" ><div class=\"siteorigin-panels-stretch panel-row-style panel-row-style-for-401-5\" style=\"padding: 100px 0; \" data-stretch-type=\"full\" data-overlay=\"true\" data-overlay-color=\"#000000\" ><div id=\"pgc-401-5-0\"  class=\"panel-grid-cell\" ><div id=\"panel-401-5-0-0\" class=\"so-panel widget widget_sydney_testimonials sydney_testimonials_widget panel-first-child panel-last-child\" data-index=\"7\" ><div style=\"text-align: left;\" data-title-color=\"#443f3f\" data-headings-color=\"#443f3f\" class=\"panel-widget-style panel-widget-style-for-401-5-0-0\" >\t\t\t<h3 class=\"widget-title\">T\u00e9moignages<\/h3>\t\t\t<div class=\"col-md-12\">\r\n\t\t\t\t<div class=\"roll-testimonials\" data-autoplay=\"8000\">\r\n\t\t\t\t\t\t\t\t\t\t\t                        <div class=\"customer\">\r\n                            <blockquote class=\"whisper\"><p>Merci beaucoup pour cette nouvelle version top top super&#8230;<\/p>\n<\/blockquote>                               \r\n                                                            \r\n                            <div class=\"name\">\r\n                            \tSandrine                            \t<span>Membre ind\u00e9pendante Herbalife<\/span>\r\n                            <\/div>\r\n                        <\/div>\r\n\t\t\t\t\t\t\t\t\t\t\t                        <div class=\"customer\">\r\n                            <blockquote class=\"whisper\"><p>Merci pour ces am\u00e9liorations constantes !<\/p>\n<\/blockquote>                               \r\n                                                            \r\n                            <div class=\"name\">\r\n                            \tSandro                            \t<span>Membre ind\u00e9pendant Herbalife<\/span>\r\n                            <\/div>\r\n                        <\/div>\r\n\t\t\t\t\t\t\t\t\t\t\t                        <div class=\"customer\">\r\n                            <blockquote class=\"whisper\"><p>C\u2019est ultra pratique\u2026 J\u2019adore !<\/p>\n<\/blockquote>                               \r\n                                                            \r\n                            <div class=\"name\">\r\n                            \tMarc-S\u00e9bastien                            \t<span>Membre ind\u00e9pendant Herbalife<\/span>\r\n                            <\/div>\r\n                        <\/div>\r\n\t\t\t\t\t\t\t\t\t<\/div>\r\n\t\t\t<\/div>\t\r\n\r\n\t\t\t\t\r\n\r\n\t<\/div><\/div><\/div><div id=\"pgc-401-5-1\"  class=\"panel-grid-cell\" ><div id=\"panel-401-5-1-0\" class=\"so-panel widget widget_fp_social panel-first-child panel-last-child\" data-index=\"8\" ><div style=\"text-align: center;\" data-title-color=\"#443f3f\" data-headings-color=\"#443f3f\" class=\"panel-widget-style panel-widget-style-for-401-5-1-0\" >\t\t\t\t\t\t<div class=\"menu-menu-social-container\"><ul id=\"menu-menu-social\" class=\"menu social-menu-widget clearfix\"><li id=\"menu-item-406\" class=\"menu-item menu-item-type-custom menu-item-object-custom menu-item-406 sydney-dropdown-li\"><a href=\"https:\/\/www.facebook.com\/coach.client\/\" class=\"sydney-dropdown-link\"><span class=\"screen-reader-text\">Facebook<\/span><\/a><\/li>\n<li id=\"menu-item-408\" class=\"menu-item menu-item-type-custom menu-item-object-custom menu-item-408 sydney-dropdown-li\"><a href=\"https:\/\/www.instagram.com\/client.coach\/\" class=\"sydney-dropdown-link\"><span class=\"screen-reader-text\">Instagram<\/span><\/a><\/li>\n<li id=\"menu-item-409\" class=\"menu-item menu-item-type-custom menu-item-object-custom menu-item-409 sydney-dropdown-li\"><a href=\"https:\/\/twitter.com\/client_coach\" class=\"sydney-dropdown-link\"><span class=\"screen-reader-text\">Twitter<\/span><\/a><\/li>\n<li id=\"menu-item-428\" class=\"menu-item menu-item-type-custom menu-item-object-custom menu-item-428 sydney-dropdown-li\"><a href=\"https:\/\/www.youtube.com\/playlist?list=PLk0h8px8IfKwitTR46iJx-vVx95Owc2vs\" class=\"sydney-dropdown-link\"><span class=\"screen-reader-text\">YouTube<\/span><\/a><\/li>\n<\/ul><\/div>\t\r\n\t\t<\/div><\/div><\/div><\/div><\/div><\/div>","protected":false},"excerpt":{"rendered":"<p>Derni\u00e8res nouveaut\u00e9s Les possibilit\u00e9s offertes par CLIENT.COACH \u00e9voluent en permanence. Pour vous tenir inform\u00e9s des nouvelles fonctionnalit\u00e9s, consultez r\u00e9guli\u00e8rement cette rubrique ! [&hellip;]<\/p>\n","protected":false},"author":1,"featured_media":0,"parent":0,"menu_order":0,"comment_status":"closed","ping_status":"closed","template":"page-templates\/page_front-page.php","meta":{"jetpack_post_was_ever_published":false,"footnotes":""},"class_list":["post-401","page","type-page","status-publish","hentry"],"aioseo_notices":[],"jetpack_sharing_enabled":false,"jetpack_shortlink":"https:\/\/wp.me\/P6OM1I-6t","jetpack-related-posts":[],"_links":{"self":[{"href":"https:\/\/client.coach\/blog\/wp-json\/wp\/v2\/pages\/401","targetHints":{"allow":["GET"]}}],"collection":[{"href":"https:\/\/client.coach\/blog\/wp-json\/wp\/v2\/pages"}],"about":[{"href":"https:\/\/client.coach\/blog\/wp-json\/wp\/v2\/types\/page"}],"author":[{"embeddable":true,"href":"https:\/\/client.coach\/blog\/wp-json\/wp\/v2\/users\/1"}],"replies":[{"embeddable":true,"href":"https:\/\/client.coach\/blog\/wp-json\/wp\/v2\/comments?post=401"}],"version-history":[{"count":65,"href":"https:\/\/client.coach\/blog\/wp-json\/wp\/v2\/pages\/401\/revisions"}],"predecessor-version":[{"id":823,"href":"https:\/\/client.coach\/blog\/wp-json\/wp\/v2\/pages\/401\/revisions\/823"}],"wp:attachment":[{"href":"https:\/\/client.coach\/blog\/wp-json\/wp\/v2\/media?parent=401"}],"curies":[{"name":"wp","href":"https:\/\/api.w.org\/{rel}","templated":true}]}}