{"id":478,"date":"2016-12-03T16:43:47","date_gmt":"2016-12-03T15:43:47","guid":{"rendered":"https:\/\/client.coach\/blog\/?page_id=478"},"modified":"2024-04-08T19:27:34","modified_gmt":"2024-04-08T18:27:34","slug":"contactez-nous","status":"publish","type":"page","link":"https:\/\/client.coach\/blog\/contactez-nous\/","title":{"rendered":"Contactez-nous"},"content":{"rendered":"<p>Pour nous contacter, veuillez\u00a0utiliser le formulaire ci-dessous.<br \/>\nVous pouvez \u00e9galement vous <a href=\"https:\/\/client.coach\/blog\/inscription-a-la-newsletter\/\">abonner \u00e0 notre newsletter<\/a>.<\/p>\n<style type='text\/css'>\r\n.cfx_form_div_1 .cfx_form_inner{\r\n     background-color: rgba(255, 255, 255, 1);   \r\n}\r\n.cfx_form_div_1.cfx_form_div{\r\n     \r\n     -ms-text-size-adjust:100%;-webkit-text-size-adjust:100%;\r\n             background-color: rgba(255, 255, 255, 1);\r\nborder-radius: 0px;\r\n      overflow: hidden;\r\n    }\r\n .cfx_form_div *{\r\n            -webkit-box-sizing: border-box;\r\n    -moz-box-sizing: border-box;\r\n    box-sizing: border-box;\r\n        }\r\n     .cfx_form_div_1 .cfx_prog_percent{\r\n      background-color: rgba(99, 155, 34, 1);   \r\n     }\r\n     .cfx_form_div_1 .cfx_form_head{\r\n        font-size: 8px;\r\n        line-height: normal;\r\n        background-color: rgba(84, 84, 84, 1);\r\n        padding: 0px 16px;\r\n        color:rgba(255, 255, 255, 1);\r\n        border-width: 0;        border-top-width: 0px;\r\n        border-top-style: solid;\r\n        border-top-color: #3d3d3d;\r\n        \r\n       font-style: normal; font-weight: normal; \r\n       \r\n    text-align: center;\r\n\r\n    }\r\n   \r\n  .cfx_form_div_1  .cfx_form_contents{\r\n        border-width:0px;\r\n        border-color:#cccccc;\r\n        margin-top: 0px ;\r\n        border-style:solid;\r\n        border-top-width: 0px;\r\n   \r\n    }\r\n.cfx_form_div_1 .crm_form_body{\r\npadding-top: 10px;\r\npadding-left: 20px;\r\npadding-right: 0px;\r\npadding-bottom: 12px;\r\nborder-top: 0px;\r\nborder-bottom: 0px;\r\n         background-color: rgba(255,255,255,0);    \r\n     }\r\n .cfx_form_div_1  .cfx_desc{\r\n font-style: normal; font-weight: normal; font-size: 12px;\r\ntext-align: left;\r\ncolor: rgba(102, 102, 102, 0.81);   \r\n}\r\n   \r\n .cfx_form_div_1 .cfx_refresh_cap{\r\n  color: #3d3d3d;\r\n  text-decoration: underline; \r\n  cursor: pointer;  \r\n  margin-left: 20px;\r\n }\r\n  .cfx_form_div_1 .cfx_refresh_cap:hover{\r\n  color:rgba(84, 84, 84, 1);\r\n  }\r\n.cfx_form_div_1 .cfx_input_row{\r\n      margin-left:auto;\r\n     margin-right:auto;\r\n     padding-top:14px;\r\n     padding-bottom:6px;   \r\n}\r\n.cfx_form_div_1 .crm_form_row_wrap{\r\n\r\n } \r\n  .cfx_form_div_1 .cfx_submit_wrap {\r\n        text-align: center;  \r\n  }\r\n  .cfx_form_div_1 .crm_form_footer {\r\n    overflow: hidden; clear: both;\r\n    border-top:0px;\r\n    padding-top: 14px;\r\n    padding-bottom: 33px;\r\n    text-align: center;\r\n    background-color:rgba(255, 255, 255, 0.8);\r\n        border-top-width:0px;\r\n    border-top-color:#3d3d3d;\r\n    border-top-style:solid;\r\n     margin-top: 7px;\r\n }\r\n\r\n   .cfx_form_div_1  .cfx_prog_wrap{\r\n           margin: 6px 7px;\r\n   }\r\n   .cfx_form_div_1  .cfx_prog_head{\r\n       font-size: 14px;\r\n       color: rgba(107, 94, 98, 1);\r\n       font-style: font-style: normal; font-weight: normal;;\r\n   }\r\n   .cfx_form_div_1  .cfx_prog{\r\n    margin-top: 2px;\r\n    height: 14px;   \r\n   }\r\n   .cfx_form_div_1  .cfx_prog_percent{\r\n    background-color: rgba(99, 155, 34, 1);      \r\n   }\r\n   .cfx_form_div_1  .cfx_thanks_msg{\r\n    border-width: 1px; \r\n    border-color:rgba(99, 155, 34, 1); \r\n    background-color:rgba(72, 142, 48, 1); \r\n    color: rgba(255, 255, 255, 1);\r\n    padding: 10px 10px;  \r\n    font-size: 14px;  \r\n     font-style: normal; font-weight: normal;    border-style: solid;\r\n    display: none;\r\n}\r\n\r\n .cfx_form_div_1 .crm_form_body .cfx_alert_block{\r\n    border-width: 1px; \r\n    border-color:rgba(191, 65, 65, 1); \r\n    background-color:rgba(191, 65, 65, 1); \r\n    color: rgba(255, 255, 255, 1);\r\n }   \r\n .cfx_form_div_1 .cfx_msgs_div{\r\n margin-top: 10px;\r\n }\r\n .cfx_form_div_1 .cfx_alert_msg{\r\n    border-width: 1px; \r\n    border-color:rgba(191, 65, 65, 1); \r\n    background-color:rgba(191, 65, 65, 1); \r\n    color: rgba(255, 255, 255, 1);\r\n    \r\n    padding: 10px 10px;  \r\n    font-size: 14px;  \r\n     font-style: normal; font-weight: normal;    border-style: solid;\r\n }\r\n  .cfx_form_div_1   .cfx_submit{\r\nvertical-align: top;\r\n     border-radius:3px; \r\n     margin-top:0px; \r\n     margin-bottom:0px; \r\n          width:47%;\r\n         \r\n    }\r\n  .cfx_form_div_1 .cfx_input{\r\n     height: 46px;  \r\n }   \r\n.cfx_form_div_1 .cfx_form_label .cfx_star {\r\n    color: #bf4141;\r\n}\r\n\r\n  .cfx_form_div_1 .cfx_input{\r\n            -webkit-transition: all .5s ease-in-out;\r\n    -moz-transition: all .5s ease-in-out;\r\n    -ms-transition: all .5s ease-in-out;\r\n    -o-transition: all .5s ease-in-out;\r\n    transition: all .5s ease-in-out;\r\n    -webkit-border-radius: 3px;\r\n    -moz-border-radius: 3px;\r\n    -ms-border-radius: 3px;\r\n    -o-border-radius: 3px;\r\n    border-radius: 3px;\r\n    \/*     -webkit-tap-highlight-color: transparent;\r\n    -webkit-tap-highlight-color: rgba(0,0,0,0);\r\n   -webkit-appearance: none;\r\n    -moz-appearance: none;\r\n    appearance: none;*\/\r\n             border-width: 1px;\r\n        border-style: solid;\r\n        border-color: #b0b0b0;\r\n\r\n    position: relative;\r\n    vertical-align: top;\r\n    display: block;\r\n    float: none;\r\n    outline: 0;\r\n  \r\n  box-shadow: none;   background: rgba(246, 246, 246, 0.81);\r\n      padding-left: 11px; \r\n  padding-right: 11px;\r\n   padding-top:5px;\r\npadding-bottom:5px;\r\n\r\n  font-size: 16px;\r\n   \r\n  color: rgba(84, 84, 84, 1);\r\n    width: 100%;\r\n*zoom:1\r\n    }\r\n   \r\n .cfx_form_div_1 .cfx_input::placeholder{\r\n    color: rgba(156, 156, 156, 1);  \r\n }\r\n  .cfx_form_div_1 .cfx_input:hover{\r\n      border-color: #0485cf;    \r\n      }\r\n   .cfx_form_div_1 .cfx_input:focus{\r\n             border-style: solid;\r\n  background: rgba(123, 123, 123, 0);\r\n        border-color:#0485cf;\r\n      color: rgba(84, 84, 84, 1);\r\n \/*  -webkit-box-shadow: 0 0 3px rgba(84, 84, 84, 1) inset;\r\n    -moz-box-shadow: 0 0 3px rgba(84, 84, 84, 1) inset;\r\n    -o-box-shadow: 0 0 3px rgba(84, 84, 84, 1) inset;\r\n    box-shadow: 0 0 3px rgba(84, 84, 84, 1) inset;*\/\r\n    outline: 0;   \r\n        }\r\n.cfx_form_div_1  .cfx_form_label{\r\n       \r\n     display: block;  \r\nfont-style:normal; font-weight: bold;      font-size: 16px;\r\n      color: rgba(61, 61, 61, 1);\r\n    \r\n        margin-bottom: 4px;\r\n        \r\n    }\r\n    .cfx_form_div_1  .cfx_form_label a{\r\n    color: rgba(61, 61, 61, 1);    \r\n    }\r\n .cfx_form_div_1   .cfx_submit{\r\n         background-color: rgba(72, 142, 48, 1);\r\n    \r\n     font-size:18px;\r\n     color:rgba(255, 255, 255, 1);\r\n     cursor:pointer;  \r\n     width:47%;\r\nline-height:52px;\r\npadding-top:0; padding-bottom:0;\r\npadding-left:15px;\r\npadding-right:15px;\r\n \r\n\r\n        font-style: normal; font-weight: normal; \r\n  border-width:0px;  \r\n  border-color:#545454;  \r\n  border-style:solid;  text-align:center;\r\n    }\r\n     .cfx_form_div_1 .cfx_submit:hover,.cfx_form_div_1 .cfx_submit:focus {\r\n    background-color:rgba(71, 71, 71, 1);\r\n    border-color:#3d3d3d;\r\n}\r\n .cfx_form_div_1 .cfx_submit:disabled {\r\n    cursor: wait;\r\n    opacity:.7;\r\n}\r\n\r\n.cfx_form_div_1 .cfx_submit:active {\r\n    background-color: rgb(62,62,62);\r\n        border-color:#343434;\r\n    }   \r\n <\/style>\r\n<div class=\"cfx_form_div cfx_form_div_1 \">\r\n<div class=\"cfx_form_inner\">\r\n<form method=\"post\" action=\"\"  class=\"cfx_form_main cfx_form_ajax\" enctype=\"multipart\/form-data\">\r\n  <div class=\"cfx_form_head\" style=\"\">\r\n      <\/div>\r\n  <div class=\"cfx_form_contents\">\r\n    <div class=\"crm_form_body\"> \r\n    <div class=\"cfx_form_fields\" style=\"\"> \r\n    <div id=\"cfx_row_1_1\" class=\"cfx_input_row crm_form_row_wrap crm_form_row_1\"><label class=\"cfx_form_label\">Nom<\/label><div class=\"crm_input_field\"><input type=\"text\" id=\"crm_field_1_1\"  data-name=\"1\" class=\"cfx_input\" value=\"\"  name=\"fixed[1]\" ><\/div><div class='cfx_desc'>Veuillez saisir votre nom<\/div><\/div>\n\n<div id=\"cfx_row_1_2\" class=\"cfx_input_row crm_form_row_wrap crm_form_row_1\"><label class=\"cfx_form_label\">E-mail <span class='cfx_star'>*<\/span><\/label><div class=\"crm_input_field\"><input type=\"email\" id=\"crm_field_1_2\"  data-name=\"2\" class=\"cfx_input crm_required\" value=\"\"  name=\"fixed[2]\" required=\"required\"><\/div><div class='cfx_desc'>Veuillez saisir votre adresse e-mail<\/div><\/div>\n\n<div id=\"cfx_row_1_3\" class=\"cfx_input_row crm_form_row_wrap crm_form_row_1\"><label class=\"cfx_form_label\">Nom d'utilisateur sur CLIENT.COACH<\/label><div class=\"crm_input_field\"><input type=\"text\" id=\"crm_field_1_3\"  data-name=\"3\" class=\"cfx_input\" value=\"\"  name=\"fixed[3]\" ><\/div><div class='cfx_desc'>Veuillez saisir votre nom d'utilisateur (si vous disposez d\u00e9j\u00e0 d'un compte sur CLIENT.COACH)<\/div><\/div>\n\n<div id=\"cfx_row_1_4\" class=\"cfx_input_row crm_form_row_wrap crm_form_row_1\"><label class=\"cfx_form_label\">Votre message <span class='cfx_star'>*<\/span><\/label><div class=\"crm_input_field\"><textarea  id=\"crm_field_1_4\"  data-name=\"4\" placeholder=\"\" class=\"cfx_input  crm_required\" maxlength=\"500\" name=\"fixed[4]\"  style=\"width: 100%; height:120px;\"  required=\"required\"><\/textarea><\/div><div class='cfx_desc'>Veuillez saisir votre message<\/div><\/div>\n\n<div id=\"cfx_row_1_7\" class=\"cfx_input_row crm_form_row_wrap crm_form_row_1\"><div class=\"crm_input_field\"><div class=\"vx_google_cap\" data-sitekey=\"6LcilAwTAAAAAEdiTjsOntjZc_nJ-M4o5r7wxE7n\"   id=\"google_cap_1\"><\/div><\/div><\/div>\n\n<div id=\"cfx_row_1_6\" class=\"cfx_input_row crm_form_row_wrap crm_form_row_1 cfx_submit_wrap\"><div class=\"crm_input_field\"> <button class=\"crm_btn cfx_submit \" autocomplete=\"off\" type=\"submit\" id=\"crm_field_1_6\" data-alt=\"En cours d'envoi...\">Envoyer<\/button><\/div><\/div>\n<input type=\"hidden\" name=\"form_id\" class=\"form_id \" value=\"1\">\r\n  <input type=\"hidden\"  class=\"crm_fields\" value=\"6\">    <div style=\"clear: both\"><\/div>\r\n    <\/div>\r\n    <div class=\"crm_form_row_wrap cfx_msgs_div\">\r\n      <div class=\"cfx_thanks_msg cfx_msg_div\" ><\/div>\r\n      <div class=\"cfx_alert_msg cfx_msg_div\" style=\"display:none\"><\/div>\r\n      <\/div>\r\n    <\/div>\r\n      <\/div>\r\n       <input type=\"hidden\" name=\"cfx_form_action\" value=\"post_cfx_form\"> \r\n<\/form>\r\n\r\n<\/div>\r\n<\/div>\r\n\n","protected":false},"excerpt":{"rendered":"<p>Pour nous contacter, veuillez\u00a0utiliser le formulaire ci-dessous. Vous pouvez \u00e9galement vous abonner \u00e0 notre newsletter.<\/p>\n","protected":false},"author":1,"featured_media":0,"parent":0,"menu_order":0,"comment_status":"closed","ping_status":"closed","template":"","meta":{"jetpack_post_was_ever_published":false,"footnotes":""},"class_list":["post-478","page","type-page","status-publish","hentry"],"aioseo_notices":[],"jetpack_sharing_enabled":false,"jetpack_shortlink":"https:\/\/wp.me\/P6OM1I-7I","jetpack-related-posts":[{"id":624,"url":"https:\/\/client.coach\/blog\/inscription-a-la-newsletter\/inscription-validee\/","url_meta":{"origin":478,"position":0},"title":"Inscription valid\u00e9e!","author":"Client.coach","date":"14 mars 2018","format":false,"excerpt":"Nous vous remercions de votre inscription. \u00a0","rel":"","context":"Article similaire","block_context":{"text":"Article similaire","link":""},"img":{"alt_text":"","src":"https:\/\/i0.wp.com\/client.coach\/blog\/wp-content\/uploads\/2018\/03\/e-mail-1197610_1920.jpg?fit=1200%2C876&ssl=1&resize=350%2C200","width":350,"height":200,"srcset":"https:\/\/i0.wp.com\/client.coach\/blog\/wp-content\/uploads\/2018\/03\/e-mail-1197610_1920.jpg?fit=1200%2C876&ssl=1&resize=350%2C200 1x, https:\/\/i0.wp.com\/client.coach\/blog\/wp-content\/uploads\/2018\/03\/e-mail-1197610_1920.jpg?fit=1200%2C876&ssl=1&resize=525%2C300 1.5x, https:\/\/i0.wp.com\/client.coach\/blog\/wp-content\/uploads\/2018\/03\/e-mail-1197610_1920.jpg?fit=1200%2C876&ssl=1&resize=700%2C400 2x, https:\/\/i0.wp.com\/client.coach\/blog\/wp-content\/uploads\/2018\/03\/e-mail-1197610_1920.jpg?fit=1200%2C876&ssl=1&resize=1050%2C600 3x"},"classes":[]},{"id":72,"url":"https:\/\/client.coach\/blog\/boite-a-idees\/","url_meta":{"origin":478,"position":1},"title":"Bo\u00eete \u00e0 id\u00e9es","author":"Client.coach","date":"18 octobre 2015","format":false,"excerpt":"Qu'elles vous paraissent pratiques, novatrices, lumineuses ou m\u00eame futiles, vos id\u00e9es d'am\u00e9liorations du site CLIENT.COACH nous int\u00e9ressent. Laissez libre cours \u00e0 vos envies, soumettez votre id\u00e9e et votez pour (ou contre) celles des autres utilisateurs !","rel":"","context":"Article similaire","block_context":{"text":"Article similaire","link":""},"img":{"alt_text":"","src":"","width":0,"height":0},"classes":[]},{"id":101,"url":"https:\/\/client.coach\/blog\/aide-en-videos\/","url_meta":{"origin":478,"position":2},"title":"Aide en vid\u00e9os","author":"Client.coach","date":"31 octobre 2015","format":false,"excerpt":"Ces\u00a0screencasts vous indiquent en d\u00e9tail\u00a0l'ajout\u00a0d'un client, d'un suivi ou encore\u00a0la cr\u00e9ation d'une facture. Ils vous\u00a0permettent d'am\u00e9liorer vos connaissances du site\u00a0CLIENT.COACH\u00a0en quelques minutes. Enregistrement et param\u00e8trage \u00a0 Suivi de clients Herbalife \u00a0 Facturation \u00a0 Listes de prix publiques et priv\u00e9es \ufeff \u00a0 Bilan nutritionnel \ufeff \u00a0 Messages personnalis\u00e9s \ufeff","rel":"","context":"Article similaire","block_context":{"text":"Article similaire","link":""},"img":{"alt_text":"","src":"","width":0,"height":0},"classes":[]},{"id":368,"url":"https:\/\/client.coach\/blog\/utilisation-de-cookies\/","url_meta":{"origin":478,"position":3},"title":"Utilisation des cookies","author":"Client.coach","date":"28 septembre 2016","format":false,"excerpt":"Trois cookies sont identifi\u00e9s sur\u00a0CLIENT.COACH: Le site et le blog utilisent la solution de mesure d'audience propos\u00e9e par Google Analytics.\u00a0 Sur le site, dans le cas o\u00f9 l'utilisateur coche la case \"Se souvenir de moi 30 jours\" lors de la connexion \u00e0 son compte, un cookie est enregistr\u00e9 dans son\u2026","rel":"","context":"Article similaire","block_context":{"text":"Article similaire","link":""},"img":{"alt_text":"cookies","src":"https:\/\/i0.wp.com\/client.coach\/blog\/wp-content\/uploads\/2016\/09\/cookies-e1475066652992-300x163.jpg?resize=350%2C200&ssl=1","width":350,"height":200},"classes":[]},{"id":614,"url":"https:\/\/client.coach\/blog\/inscription-a-la-newsletter\/encore-une-derniere-chose\/","url_meta":{"origin":478,"position":4},"title":"Encore une derni\u00e8re chose&#8230;","author":"Client.coach","date":"14 mars 2018","format":false,"excerpt":"Afin de v\u00e9rifier que vous \u00eates bien \u00e0 l'origine de cette demande, merci de consulter votre bo\u00eete de r\u00e9ception pour confirmer votre abonnement. \u00a0 \u00a0","rel":"","context":"Article similaire","block_context":{"text":"Article similaire","link":""},"img":{"alt_text":"","src":"https:\/\/i0.wp.com\/client.coach\/blog\/wp-content\/uploads\/2018\/03\/e-mail-1197610_1920-300x219.jpg?resize=350%2C200&ssl=1","width":350,"height":200},"classes":[]},{"id":612,"url":"https:\/\/client.coach\/blog\/inscription-a-la-newsletter\/","url_meta":{"origin":478,"position":5},"title":"Inscription \u00e0 la newsletter","author":"Client.coach","date":"14 mars 2018","format":false,"excerpt":"Ne manquez pas les infos fra\u00eeches et les promotions que nous r\u00e9servons \u00e0 nos fid\u00e8les abonn\u00e9s: Votre inscription a \u00e9t\u00e9 enregistr\u00e9e avec succ\u00e8s! \u00ab","rel":"","context":"Article similaire","block_context":{"text":"Article similaire","link":""},"img":{"alt_text":"","src":"","width":0,"height":0},"classes":[]}],"_links":{"self":[{"href":"https:\/\/client.coach\/blog\/wp-json\/wp\/v2\/pages\/478","targetHints":{"allow":["GET"]}}],"collection":[{"href":"https:\/\/client.coach\/blog\/wp-json\/wp\/v2\/pages"}],"about":[{"href":"https:\/\/client.coach\/blog\/wp-json\/wp\/v2\/types\/page"}],"author":[{"embeddable":true,"href":"https:\/\/client.coach\/blog\/wp-json\/wp\/v2\/users\/1"}],"replies":[{"embeddable":true,"href":"https:\/\/client.coach\/blog\/wp-json\/wp\/v2\/comments?post=478"}],"version-history":[{"count":6,"href":"https:\/\/client.coach\/blog\/wp-json\/wp\/v2\/pages\/478\/revisions"}],"predecessor-version":[{"id":818,"href":"https:\/\/client.coach\/blog\/wp-json\/wp\/v2\/pages\/478\/revisions\/818"}],"wp:attachment":[{"href":"https:\/\/client.coach\/blog\/wp-json\/wp\/v2\/media?parent=478"}],"curies":[{"name":"wp","href":"https:\/\/api.w.org\/{rel}","templated":true}]}}