{"id":72,"date":"2015-10-18T17:46:45","date_gmt":"2015-10-18T16:46:45","guid":{"rendered":"http:\/\/client.coach\/blog\/?page_id=72"},"modified":"2016-04-10T13:15:08","modified_gmt":"2016-04-10T12:15:08","slug":"boite-a-idees","status":"publish","type":"page","link":"https:\/\/client.coach\/blog\/boite-a-idees\/","title":{"rendered":"Bo\u00eete \u00e0 id\u00e9es"},"content":{"rendered":"<p>Qu&rsquo;elles vous paraissent pratiques, novatrices, lumineuses ou m\u00eame futiles, <strong>vos id\u00e9es d&rsquo;am\u00e9liorations<\/strong> du site <a href=\"http:\/\/client.coach\">CLIENT.COACH<\/a> nous int\u00e9ressent. Laissez libre cours \u00e0 vos envies, soumettez votre id\u00e9e et votez pour (ou contre) celles des autres utilisateurs !<\/p>\n<div class=\"idea-factory--wrap\">\n\t\t\t<aside class=\"idea-factory--layout-submit\">\n\n\t\t\t\t<div class=\"idea-factory--submit-left\">\n\n\t\t\t\t\t \n\t\t\t\t<\/div>\n\n\t\t\t\t<div class=\"idea-factory--submit-right\">\n\n\t\t\t\t\t\n\t\t\t\t\t\t<a href=\"#\" data-toggle=\"idea-factory-modal\" data-target=\".idea-factory-modal\" class=\"idea-factory--button idea-factory-trigger\">J'ai une id&eacute;e<\/a>\n\n\t\t\t\t\t\n\t\t\t\t<\/div>\n\n\t\t\t<\/aside>\n\n\t\t\n\t\t\t<section class=\"idea-factory--layout-main\">\n\t\t\t\t<br \/>\n<b>Warning<\/b>:  Undefined variable $public_can_vote in <b>\/home\/clients\/9c7a8ebb335ea05a585a68126bac20b5\/site\/blog\/wp-content\/plugins\/idea-factory\/public\/includes\/class.shortcodes.php<\/b> on line <b>73<\/b><br \/>\n\t\t\t\t\t\t<section class=\"idea-factory--entry-wrap  <br \/>\n<b>Warning<\/b>:  Undefined variable $has_voted in <b>\/home\/clients\/9c7a8ebb335ea05a585a68126bac20b5\/site\/blog\/wp-content\/plugins\/idea-factory\/public\/includes\/class.shortcodes.php<\/b> on line <b>85<\/b><br \/>\n\">\n\n\t\t\t\t\t\t\t\n\t\t\t\t\t\t\t<div class=\"idea-factory--controls\">\n\n\t\t\t\t\t\t\t\t\t\t\t<a class=\"idea-factory vote-up\" data-post-id=\"133\" href=\"#\"><\/a>\n\t\t\t<a class=\"idea-factory vote-down\" data-post-id=\"133\" href=\"#\"><\/a>\n\t\t\t\t\t\t\t\t\t\t\t<div class=\"idea-factory--totals\">\n\t\t\t\t\t\t\t\t\t\t<span class=\"idea-factory--totals_label\"><span class=\"idea-factory--totals_num\">6<\/span> votes<\/span>\t\t\t\t\t\t\t\t\t<\/div>\n\t\t\t\t\t\t\t\t\n\t\t\t\t\t\t\t<\/div>\n\n\t\t\t\t\t\t\t<div class=\"idea-factory--entry\">\n\n\t\t\t\t\t\t\t\t<h2>Mail<\/h2><p>Pouvoir envoyer le mail de bienvenue chez Herbalife aux nouveaux clients<\/p>\n\n\t\t\t\t\t\t\t<\/div>\n\n\t\t\t\t\t\t\t\n\t\t\t\t\t\t<\/section>\n\n\t\t\t\t\t\t<br \/>\n<b>Warning<\/b>:  Undefined variable $public_can_vote in <b>\/home\/clients\/9c7a8ebb335ea05a585a68126bac20b5\/site\/blog\/wp-content\/plugins\/idea-factory\/public\/includes\/class.shortcodes.php<\/b> on line <b>73<\/b><br \/>\n\t\t\t\t\t\t<section class=\"idea-factory--entry-wrap  <br \/>\n<b>Warning<\/b>:  Undefined variable $has_voted in <b>\/home\/clients\/9c7a8ebb335ea05a585a68126bac20b5\/site\/blog\/wp-content\/plugins\/idea-factory\/public\/includes\/class.shortcodes.php<\/b> on line <b>85<\/b><br \/>\n\">\n\n\t\t\t\t\t\t\t\n\t\t\t\t\t\t\t<div class=\"idea-factory--controls\">\n\n\t\t\t\t\t\t\t\t\t\t\t<a class=\"idea-factory vote-up\" data-post-id=\"218\" href=\"#\"><\/a>\n\t\t\t<a class=\"idea-factory vote-down\" data-post-id=\"218\" href=\"#\"><\/a>\n\t\t\t\t\t\t\t\t\t\t\t<div class=\"idea-factory--totals\">\n\t\t\t\t\t\t\t\t\t\t<span class=\"idea-factory--totals_label\"><span class=\"idea-factory--totals_num\">3<\/span> votes<\/span>\t\t\t\t\t\t\t\t\t<\/div>\n\t\t\t\t\t\t\t\t\n\t\t\t\t\t\t\t<\/div>\n\n\t\t\t\t\t\t\t<div class=\"idea-factory--entry\">\n\n\t\t\t\t\t\t\t\t<h2>Valeur des Produits \u00ab\u00a0offerts\u00a0\u00bb<\/h2><p>Il serait judicieux de marquer le prix de l&rsquo;objet ou du produit offert afin que le client voie le prix ou le montant du \u00ab\u00a0rabais\u00a0\u00bb, du geste ou du cadeau  qu&rsquo;on lui a fait&#8230;<\/p>\n\n\t\t\t\t\t\t\t<\/div>\n\n\t\t\t\t\t\t\t\n\t\t\t\t\t\t<\/section>\n\n\t\t\t\t\t\t<br \/>\n<b>Warning<\/b>:  Undefined variable $public_can_vote in <b>\/home\/clients\/9c7a8ebb335ea05a585a68126bac20b5\/site\/blog\/wp-content\/plugins\/idea-factory\/public\/includes\/class.shortcodes.php<\/b> on line <b>73<\/b><br \/>\n\t\t\t\t\t\t<section class=\"idea-factory--entry-wrap  <br \/>\n<b>Warning<\/b>:  Undefined variable $has_voted in <b>\/home\/clients\/9c7a8ebb335ea05a585a68126bac20b5\/site\/blog\/wp-content\/plugins\/idea-factory\/public\/includes\/class.shortcodes.php<\/b> on line <b>85<\/b><br \/>\n\">\n\n\t\t\t\t\t\t\t\n\t\t\t\t\t\t\t<div class=\"idea-factory--controls\">\n\n\t\t\t\t\t\t\t\t\t\t\t<a class=\"idea-factory vote-up\" data-post-id=\"167\" href=\"#\"><\/a>\n\t\t\t<a class=\"idea-factory vote-down\" data-post-id=\"167\" href=\"#\"><\/a>\n\t\t\t\t\t\t\t\t\t\t\t<div class=\"idea-factory--totals\">\n\t\t\t\t\t\t\t\t\t\t<span class=\"idea-factory--totals_label\"><span class=\"idea-factory--totals_num\">2<\/span> votes<\/span>\t\t\t\t\t\t\t\t\t<\/div>\n\t\t\t\t\t\t\t\t\n\t\t\t\t\t\t\t<\/div>\n\n\t\t\t\t\t\t\t<div class=\"idea-factory--entry\">\n\n\t\t\t\t\t\t\t\t<h2>Retour Produits<\/h2><p>Serait-il possible de rajouter la possibilit\u00e9 de d\u00e9duire et ou \u00e9changer des produits sur une facture ?<\/p>\n\n\t\t\t\t\t\t\t<\/div>\n\n\t\t\t\t\t\t\t\n\t\t\t\t\t\t<\/section>\n\n\t\t\t\t\t\t<br \/>\n<b>Warning<\/b>:  Undefined variable $public_can_vote in <b>\/home\/clients\/9c7a8ebb335ea05a585a68126bac20b5\/site\/blog\/wp-content\/plugins\/idea-factory\/public\/includes\/class.shortcodes.php<\/b> on line <b>73<\/b><br \/>\n\t\t\t\t\t\t<section class=\"idea-factory--entry-wrap  <br \/>\n<b>Warning<\/b>:  Undefined variable $has_voted in <b>\/home\/clients\/9c7a8ebb335ea05a585a68126bac20b5\/site\/blog\/wp-content\/plugins\/idea-factory\/public\/includes\/class.shortcodes.php<\/b> on line <b>85<\/b><br \/>\n\">\n\n\t\t\t\t\t\t\t\n\t\t\t\t\t\t\t<div class=\"idea-factory--controls\">\n\n\t\t\t\t\t\t\t\t\t\t\t<a class=\"idea-factory vote-up\" data-post-id=\"219\" href=\"#\"><\/a>\n\t\t\t<a class=\"idea-factory vote-down\" data-post-id=\"219\" href=\"#\"><\/a>\n\t\t\t\t\t\t\t\t\t\t\t<div class=\"idea-factory--totals\">\n\t\t\t\t\t\t\t\t\t\t<span class=\"idea-factory--totals_label\"><span class=\"idea-factory--totals_num\">1<\/span> vote<\/span>\t\t\t\t\t\t\t\t\t<\/div>\n\t\t\t\t\t\t\t\t\n\t\t\t\t\t\t\t<\/div>\n\n\t\t\t\t\t\t\t<div class=\"idea-factory--entry\">\n\n\t\t\t\t\t\t\t\t<h2>Arrondi sur facture ou mini rabais<\/h2><p>Je trouve que ce serait sympa si on pouvait avoir le choix de faire un arrondi au bas de la facture (pour ceux qui veulent bien le faire !) Je trouve par exemple que de facturer 101.50 \u00e7a fait un peu \u00ab\u00a0mesquin\u00a0\u00bb<\/p>\n\n\t\t\t\t\t\t\t<\/div>\n\n\t\t\t\t\t\t\t\n\t\t\t\t\t\t<\/section>\n\n\t\t\t\t\t\t\t\t\t<\/section>\n\n\t\t\t\n\t\t<\/div>\n\n\t\t\n\t\t\t<div class=\"fade idea-factory-modal\" tabindex=\"-1\">\n\t\t\t\t<div class=\"idea-factory-modal-dialog \">\n\t\t\t\t    <div class=\"idea-factory-modal-content\">\n\t\t\t\t\t\t<button type=\"button\" class=\"close\" data-dismiss=\"idea-factory-modal\"><span aria-hidden=\"true\">&times;<\/span><\/button>\n\n\t\t\t\t    \t<div class=\"idea-factory-modal-header\">\n\t\t\t\t    \t\t<h3 class=\"idea-factory-modal-title\">J'ai une id&eacute;e<\/h3>\n\t\t\t\t    \t<\/div>\n\t\t\t\t    \t<div class=\"idea-factory-modal-body\">\n\n\t\t\t\t\t\t\t<div id=\"idea-factory--entry--form-results\"><\/div>\n\t\t\t\t\t\t\t<form id=\"idea-factory--entry--form\" method=\"post\" enctype=\"multipart\/form-data\">\n\n\t\t\t\t\t\t\t\t\n\t\t\t\t\t\t\t\t<label for=\"idea-title\">En 3 ou 4 mots<\/label>\n\t\t\t\t\t\t\t\t<input id=\"idea-factory--entryform_title\" type=\"text\" name=\"idea-title\" value=\"\" placeholder=\"Mon id&eacute;e\">\n\n\t\t\t\t\t\t\t\t<label for=\"idea-description\">En d&eacute;tails<\/label>\n\t\t\t\t\t\t\t\t<textarea id=\"idea-factory--entryform_description\" form=\"idea-factory--entry--form\" name=\"idea-description\" value=\"\" placeholder=\"Description (attention: une seule id&eacute;e par envoi svp!)\"><\/textarea>\n\n\t\t\t\t\t\t\t\t\n\t\t\t\t\t\t\t\t<input type=\"hidden\" name=\"action\" value=\"process_entry\">\n\t\t\t\t\t\t\t\t<input type=\"hidden\" name=\"nonce\" value=\"2e624c1e98\"\/>\n\n\t\t\t\t\t\t\t\t<div class=\"idea-factory-modal-footer\">\n\t\t\t\t\t\t\t\t\t<input class=\"idea-factory--button\" type=\"submit\" value=\"Envoyer\">\n\t\t\t\t\t\t\t\t<\/div>\n\t\t\t\t\t\t\t<\/form>\n\n\t\t\t\t\t\t<\/div>\n\t\t\t\t\t<\/div>\n\t\t\t\t<\/div>\n\t\t\t<\/div>\n\n\t\t\n","protected":false},"excerpt":{"rendered":"<p>Qu&rsquo;elles vous paraissent pratiques, novatrices, lumineuses ou m\u00eame futiles, vos id\u00e9es d&rsquo;am\u00e9liorations du site CLIENT.COACH nous int\u00e9ressent. Laissez libre cours \u00e0 vos [&hellip;]<\/p>\n","protected":false},"author":1,"featured_media":0,"parent":0,"menu_order":0,"comment_status":"closed","ping_status":"closed","template":"","meta":{"jetpack_post_was_ever_published":false,"footnotes":""},"class_list":["post-72","page","type-page","status-publish","hentry"],"aioseo_notices":[],"jetpack_sharing_enabled":true,"jetpack_shortlink":"https:\/\/wp.me\/P6OM1I-1a","jetpack-related-posts":[{"id":101,"url":"https:\/\/client.coach\/blog\/aide-en-videos\/","url_meta":{"origin":72,"position":0},"title":"Aide en vid\u00e9os","author":"Client.coach","date":"31 octobre 2015","format":false,"excerpt":"Ces\u00a0screencasts vous indiquent en d\u00e9tail\u00a0l'ajout\u00a0d'un client, d'un suivi ou encore\u00a0la cr\u00e9ation d'une facture. Ils vous\u00a0permettent d'am\u00e9liorer vos connaissances du site\u00a0CLIENT.COACH\u00a0en quelques minutes. Enregistrement et param\u00e8trage \u00a0 Suivi de clients Herbalife \u00a0 Facturation \u00a0 Listes de prix publiques et priv\u00e9es \ufeff \u00a0 Bilan nutritionnel \ufeff \u00a0 Messages personnalis\u00e9s \ufeff","rel":"","context":"Article similaire","block_context":{"text":"Article similaire","link":""},"img":{"alt_text":"","src":"","width":0,"height":0},"classes":[]},{"id":368,"url":"https:\/\/client.coach\/blog\/utilisation-de-cookies\/","url_meta":{"origin":72,"position":1},"title":"Utilisation des cookies","author":"Client.coach","date":"28 septembre 2016","format":false,"excerpt":"Trois cookies sont identifi\u00e9s sur\u00a0CLIENT.COACH: Le site et le blog utilisent la solution de mesure d'audience propos\u00e9e par Google Analytics.\u00a0 Sur le site, dans le cas o\u00f9 l'utilisateur coche la case \"Se souvenir de moi 30 jours\" lors de la connexion \u00e0 son compte, un cookie est enregistr\u00e9 dans son\u2026","rel":"","context":"Article similaire","block_context":{"text":"Article similaire","link":""},"img":{"alt_text":"cookies","src":"https:\/\/i0.wp.com\/client.coach\/blog\/wp-content\/uploads\/2016\/09\/cookies-e1475066652992-300x163.jpg?resize=350%2C200&ssl=1","width":350,"height":200},"classes":[]},{"id":239,"url":"https:\/\/client.coach\/blog\/mises-a-jour\/","url_meta":{"origin":72,"position":2},"title":"Mises \u00e0 jour","author":"Client.coach","date":"21 avril 2016","format":false,"excerpt":"15 juin 2024: ajout de la possibilit\u00e9 de trier les suivis par ordre chronologique invers\u00e9. 14 avril 2019: am\u00e9lioration du mode webapp (standalone) gr\u00e2ce aux nouvelles fonctions support\u00e9es par iOs. 2 octobre 2018: s\u00e9curisation de l'envoi des e-mails aux clients gr\u00e2ce \u00e0 l'utilisation d'une adresse @client.coach. 24 juin 2018: support\u2026","rel":"","context":"Article similaire","block_context":{"text":"Article similaire","link":""},"img":{"alt_text":"","src":"","width":0,"height":0},"classes":[]}],"_links":{"self":[{"href":"https:\/\/client.coach\/blog\/wp-json\/wp\/v2\/pages\/72","targetHints":{"allow":["GET"]}}],"collection":[{"href":"https:\/\/client.coach\/blog\/wp-json\/wp\/v2\/pages"}],"about":[{"href":"https:\/\/client.coach\/blog\/wp-json\/wp\/v2\/types\/page"}],"author":[{"embeddable":true,"href":"https:\/\/client.coach\/blog\/wp-json\/wp\/v2\/users\/1"}],"replies":[{"embeddable":true,"href":"https:\/\/client.coach\/blog\/wp-json\/wp\/v2\/comments?post=72"}],"version-history":[{"count":7,"href":"https:\/\/client.coach\/blog\/wp-json\/wp\/v2\/pages\/72\/revisions"}],"predecessor-version":[{"id":229,"href":"https:\/\/client.coach\/blog\/wp-json\/wp\/v2\/pages\/72\/revisions\/229"}],"wp:attachment":[{"href":"https:\/\/client.coach\/blog\/wp-json\/wp\/v2\/media?parent=72"}],"curies":[{"name":"wp","href":"https:\/\/api.w.org\/{rel}","templated":true}]}}